{"id":832,"date":"2015-09-24T13:11:06","date_gmt":"2015-09-24T19:11:06","guid":{"rendered":"https:\/\/sportinfinance.com\/fr\/?page_id=832"},"modified":"2019-07-11T14:08:09","modified_gmt":"2019-07-11T20:08:09","slug":"reussir-son-business-plan","status":"publish","type":"page","link":"https:\/\/sportinfinance.com\/fr\/reussir-son-business-plan\/","title":{"rendered":"R\u00e9ussir son business plan"},"content":{"rendered":"<p>Recevez un guide qui vous permettra de r\u00e9aliser seul ou avec votre \u00e9quipe de direction un business plan professionnel<\/p>\n<div style=\"display: none;\"><img loading=\"lazy\" decoding=\"async\" src=\"https:\/\/sg-autorepondeur.com\/tauxouverture\/form.gif?membreid=11317&amp;listeid=53725&amp;id=6313\" alt=\"\" width=\"1\" height=\"1\" \/><\/div>\n<style type=\"text\/css\">.sg-form6313 {<br \/>    margin: 0 auto;<br \/>    border: 1px solid #91c551;<br \/>    background: #d1e7b7;<br \/>    background: -webkit-gradient(linear, left top, left bottom, from(#d1e7b7), to(#91c551));<br \/>    background: -webkit-linear-gradient(top, #d1e7b7, #91c551);<br \/>    background: -moz-linear-gradient(top, #d1e7b7, #91c551);<br \/>    background: -ms-linear-gradient(top, #d1e7b7, #91c551);<br \/>    background: -o-linear-gradient(top, #d1e7b7, #91c551);<br \/>    background: linear-gradient(to bottom, #d1e7b7, #91c551);<br \/>    position: relative;<br \/>    -moz-border-radius: 5px;<br \/>    -webkit-border-radius: 5px;<br \/>    border-radius: 5px;<br \/>    -moz-box-shadow: 0 1px 2px rgba(0, 0, 0, 0.5), inset 0 1px 0 rgba(255, 255, 255, 0.5);<br \/>    -webkit-box-shadow: 0 1px 2px rgba(0, 0, 0, 0.5), inset 0 1px 0 rgba(255, 255, 255, 0.5);<br \/>    box-shadow: 0 1px 2px rgba(0, 0, 0, 0.5), inset 0 1px 0 rgba(255, 255, 255, 0.5);<br \/>    padding: 10px;<br \/>}<br \/>.sg-form6313 .sg-form-header {<br \/>    font-size: 18px;<br \/>    font-weight: bold;<br \/>    color: #282828;<br \/>    text-align: center;<br \/>    font-family: 'Helvetica Neue', Helvetica, Arial, sans-serif;<br \/>    margin-bottom: 20px;<br \/>}<br \/>.sg-form6313 label {<br \/>  color: #444;<br \/>  font-weight: bold;<br \/>  text-shadow: 0 1px 0 rgba(255, 255, 255, 0.5);<br \/>  margin-bottom: 10px;<br \/>}<br \/>.sg-form6313 input[type=\"submit\"] {<br \/>    width: 100%;<br \/>    box-sizing: border-box;<br \/>    height: 35px;<br \/>    color: #fff;<br \/>    font-weight: bold;<br \/>    font-size: 14px;<br \/>    font-family: 'Helvetica Neue', Helvetica, Arial, sans-serif;<br \/>    text-shadow: 0 1px 0 rgba(0, 0, 0, 0.5);<br \/>    text-align: center;<br \/>    border: 1px solid #1972c4;<br \/>    cursor: pointer;<br \/>    position: relative;<br \/>    background-color: #1d83e2;<br \/>    background-image: -webkit-gradient(linear, left top, left bottom, from(#77b5ee), to(#1972c4));<br \/>    background-image: -webkit-linear-gradient(top, #77b5ee, #1972c4);<br \/>    background-image: -moz-linear-gradient(top, #77b5ee, #1972c4);<br \/>    background-image: -ms-linear-gradient(top, #77b5ee, #1972c4);<br \/>    background-image: -o-linear-gradient(top, #77b5ee, #1972c4);<br \/>    background-image: linear-gradient(top, #77b5ee, #1972c4);<\/p>\n<p>    -moz-box-shadow: inset 0 1px 0 rgba(255, 255, 255, 0.3), 0 1px 1px rgba(0, 0, 0, 0.5);<br \/>    -webkit-box-shadow: inset 0 1px 0 rgba(255, 255, 255, 0.3), 0 1px 1px rgba(0, 0, 0, 0.5);<br \/>    box-shadow: inset 0 1px 0 rgba(255, 255, 255, 0.3), 0 1px 1px rgba(0, 0, 0, 0.5);<br \/>    -moz-border-radius: 10px;<br \/>    -webkit-border-radius: 10px;<br \/>    border-radius: 10px;<br \/>}<br \/>.sg-form6313 input[type=\"text\"],<br \/>.sg-form6313 input[type=\"email\"] {<br \/>    width: 100%;<br \/>    text-align:left;<br \/>    box-sizing: border-box;<br \/>    height: 30px;<br \/>    padding: 6px 10px;<br \/>    margin-bottom: 20px;<br \/>    font-size: 14px;<br \/>    font-family: 'Helvetica Neue', Helvetica, Arial, sans-serif;<br \/>    color: #333;<br \/>    outline: none;<br \/>    background-color: #fff;<br \/>    position: relative;<br \/>    -moz-border-radius: 8px;<br \/>    -webkit-border-radius: 8px;<br \/>    border-radius: 8px;<br \/>    -moz-box-shadow: inset 0 0 1px rgba(0, 0, 0, 0.5), 0 0 2px rgba(255, 255, 255, 0.7);<br \/>    -webkit-box-shadow: inset 0 0 1px rgba(0, 0, 0, 0.5), 0 0 2px rgba(255, 255, 255, 0.7);<br \/>    box-shadow: inset 0 0 1px rgba(0, 0, 0, 0.5), 0 0 2px rgba(255, 255, 255, 0.7);<br \/>    border: 1px solid #91c551;<br \/>}<br \/>.sg-form6313 .sg-form-footer {<br \/>    font-size:10px;<br \/>    font-family: 'Helvetica Neue', Helvetica, Arial, sans-serif;<br \/>    margin-top:10px;<br \/>    margin-bottom:5px;<br \/>    text-align:center;<br \/>    color: #282828;<br \/>}<br \/>.sg-form6313 .sg-form-formulaire form {<br \/>    padding: 5px;<br \/>    width: 100%;<br \/>    box-sizing: border-box;<br \/>}<br \/><\/style>\n<div class=\"form sg-form6313\" style=\"width: 350px;\">\n<div class=\"sg-form-header\">\n<p>Recevez gratuitement votre guide R\u00e9ussir son Business Plan<\/p>\n<\/div>\n<div class=\"sg-form-formulaire\">\n<form action=\"https:\/\/sg-autorepondeur.com\/inscriptionabonne.php\" enctype=\"utf-8\" method=\"post\" target=\"_blank\"><input name=\"prenom\" type=\"text\" placeholder=\"Votre pr\u00e9nom\" \/> <input name=\"email\" required=\"\" type=\"email\" placeholder=\"Votre adresse email\" \/> <input name=\"listeid\" type=\"hidden\" value=\"53725\" \/> <input name=\"membreid\" type=\"hidden\" value=\"11317\" \/> <input name=\"id_formulaire\" type=\"hidden\" value=\"6313\" \/> <input name=\"submit\" type=\"submit\" value=\"Je m'inscris\" \/><\/form>\n<div class=\"sg-form-footer\">Vos donn\u00e9es restent confidentielles et aucun spam ne vous sera envoy\u00e9.<\/div>\n<\/div>\n<\/div>\n","protected":false},"excerpt":{"rendered":"<p>Recevez un guide qui vous permettra de r\u00e9aliser seul ou avec votre \u00e9quipe de direction un business plan professionnel Recevez gratuitement votre guide R\u00e9ussir son Business Plan Vos donn\u00e9es restent&hellip; <\/p>\n","protected":false},"author":1,"featured_media":1601,"parent":0,"menu_order":0,"comment_status":"closed","ping_status":"closed","template":"","meta":{"om_disable_all_campaigns":false,"_monsterinsights_skip_tracking":false,"_monsterinsights_sitenote_active":false,"_monsterinsights_sitenote_note":"","_monsterinsights_sitenote_category":0,"footnotes":""},"class_list":["post-832","page","type-page","status-publish","has-post-thumbnail","hentry"],"aioseo_notices":[],"_links":{"self":[{"href":"https:\/\/sportinfinance.com\/fr\/wp-json\/wp\/v2\/pages\/832"}],"collection":[{"href":"https:\/\/sportinfinance.com\/fr\/wp-json\/wp\/v2\/pages"}],"about":[{"href":"https:\/\/sportinfinance.com\/fr\/wp-json\/wp\/v2\/types\/page"}],"author":[{"embeddable":true,"href":"https:\/\/sportinfinance.com\/fr\/wp-json\/wp\/v2\/users\/1"}],"replies":[{"embeddable":true,"href":"https:\/\/sportinfinance.com\/fr\/wp-json\/wp\/v2\/comments?post=832"}],"version-history":[{"count":9,"href":"https:\/\/sportinfinance.com\/fr\/wp-json\/wp\/v2\/pages\/832\/revisions"}],"predecessor-version":[{"id":1623,"href":"https:\/\/sportinfinance.com\/fr\/wp-json\/wp\/v2\/pages\/832\/revisions\/1623"}],"wp:featuredmedia":[{"embeddable":true,"href":"https:\/\/sportinfinance.com\/fr\/wp-json\/wp\/v2\/media\/1601"}],"wp:attachment":[{"href":"https:\/\/sportinfinance.com\/fr\/wp-json\/wp\/v2\/media?parent=832"}],"curies":[{"name":"wp","href":"https:\/\/api.w.org\/{rel}","templated":true}]}}