{"id":717,"date":"2015-09-03T15:47:38","date_gmt":"2015-09-03T21:47:38","guid":{"rendered":"https:\/\/sportinfinance.com\/fr\/?page_id=717"},"modified":"2015-09-03T15:48:07","modified_gmt":"2015-09-03T21:48:07","slug":"conditions-generales-dutilisation-du-site","status":"publish","type":"page","link":"https:\/\/sportinfinance.com\/fr\/conditions-generales-dutilisation-du-site\/","title":{"rendered":"Conditions g\u00e9n\u00e9rales d&rsquo;utilisation du site"},"content":{"rendered":"<p>Les informations fournies sur ce site, y compris l&rsquo;interpr\u00e9tation des r\u00e9glementations et des usages, ne le sont qu&rsquo;\u00e0 titre informatif. La responsabil\u00e9 des auteurs du site www.sportinfinance.com ne pourrait \u00eatre retenue en cas de mauvaise d\u00e9cision financi\u00e8re d\u00e9coulant de ces informations. Vous devez vous reporter vers les informations officielles des banques, \u00e9tablissements financiers ou services publics. N\u00e9anmoins, le but du site est, quand m\u00eame, de donner des informations fiables. Si vous constatez des inexactitudes, merci de les signaler.<\/p>\n<p><strong>Publications<\/strong><\/p>\n<p>Nos articles sont r\u00e9alis\u00e9s par les membres de notre cabinet. Nous avons une approche essentiellement financi\u00e8re de votre activit\u00e9.<\/p>\n<p>Les articles sont publi\u00e9s chaque semaine sur les th\u00e8mes suivants :<\/p>\n<ul>\n<li>L&rsquo;argent<\/li>\n<li>La bourse<\/li>\n<li>La cr\u00e9ation d&rsquo;entreprise<\/li>\n<li>La fiscalit\u00e9<\/li>\n<li>Les joueurs professionnels<\/li>\n<li>Les clubs<\/li>\n<li>Les opportunit\u00e9s d&rsquo;investissement<\/li>\n<\/ul>\n<p>Ils ont un unique but : Rendent la finance plus accessible.<\/p>\n","protected":false},"excerpt":{"rendered":"<p>Les informations fournies sur ce site, y compris l&rsquo;interpr\u00e9tation des r\u00e9glementations et des usages, ne le sont qu&rsquo;\u00e0 titre informatif. La responsabil\u00e9 des auteurs du site www.sportinfinance.com ne pourrait \u00eatre&hellip; <\/p>\n","protected":false},"author":1,"featured_media":0,"parent":0,"menu_order":0,"comment_status":"closed","ping_status":"closed","template":"","meta":{"om_disable_all_campaigns":false,"_monsterinsights_skip_tracking":false,"_monsterinsights_sitenote_active":false,"_monsterinsights_sitenote_note":"","_monsterinsights_sitenote_category":0,"footnotes":""},"class_list":["post-717","page","type-page","status-publish","hentry"],"aioseo_notices":[],"_links":{"self":[{"href":"https:\/\/sportinfinance.com\/fr\/wp-json\/wp\/v2\/pages\/717"}],"collection":[{"href":"https:\/\/sportinfinance.com\/fr\/wp-json\/wp\/v2\/pages"}],"about":[{"href":"https:\/\/sportinfinance.com\/fr\/wp-json\/wp\/v2\/types\/page"}],"author":[{"embeddable":true,"href":"https:\/\/sportinfinance.com\/fr\/wp-json\/wp\/v2\/users\/1"}],"replies":[{"embeddable":true,"href":"https:\/\/sportinfinance.com\/fr\/wp-json\/wp\/v2\/comments?post=717"}],"version-history":[{"count":3,"href":"https:\/\/sportinfinance.com\/fr\/wp-json\/wp\/v2\/pages\/717\/revisions"}],"predecessor-version":[{"id":720,"href":"https:\/\/sportinfinance.com\/fr\/wp-json\/wp\/v2\/pages\/717\/revisions\/720"}],"wp:attachment":[{"href":"https:\/\/sportinfinance.com\/fr\/wp-json\/wp\/v2\/media?parent=717"}],"curies":[{"name":"wp","href":"https:\/\/api.w.org\/{rel}","templated":true}]}}