{"id":4617,"date":"2021-06-28T20:47:32","date_gmt":"2021-06-29T02:47:32","guid":{"rendered":"https:\/\/sportinfinance.com\/fr\/?page_id=4617"},"modified":"2021-06-28T20:47:33","modified_gmt":"2021-06-29T02:47:33","slug":"blog-creation-dentreprise","status":"publish","type":"page","link":"https:\/\/sportinfinance.com\/fr\/blog-creation-dentreprise\/","title":{"rendered":"Blog Cr\u00e9ation d&rsquo;entreprise"},"content":{"rendered":"            <div id=\"post-grid-lazy-4444\" class=\"post-grid-lazy\"><img decoding=\"async\" alt=\"\" src=\"\" \/><\/div>\n        <script>\n            jQuery('#post-grid-lazy-4444').ready(function($) {\n                $('#post-grid-lazy-4444').fadeOut();\n                $('#post-grid-4444   ').fadeIn();\n            })\n        <\/script>\n        <style type=\"text\/css\">\n            #post-grid-4444 {\n                display: none;\n            }\n\n            .post-grid-lazy {\n                text-align: center;\n            }\n        <\/style>\n        <div data-options='{&quot;id&quot;:&quot;4444&quot;,&quot;lazy_load&quot;:&quot;yes&quot;,&quot;masonry_enable&quot;:&quot;no&quot;,&quot;view_type&quot;:&quot;grid&quot;}' id=\"post-grid-4444\" class=\"post-grid grid\">\n                <div class=\"grid-items\">\n            <div class=\"item item-6595 skin flat even 0 \">\n                <div class=\"layer-wrapper layout-\">\n                <div class=\"layer-media\"><\/div>\n    <div class=\"layer-content\">\n            <div class=\"element element_0  element-media \">\n        \n\n    <\/div>\n    <div class=\"element element_1  title_link \">\n                    <a target=\"\" href=\"https:\/\/sportinfinance.com\/fr\/les-projets-ecologiques-un-bel-avenir-pour-le-monde\/\">Les projets \u00e9cologiques : un bel avenir pour le monde<\/a>\n            <\/div>\n    <div class=\"element element_2  excerpt \">\n        Un projet \u00e9cologique est un excellent moyen d'apprendre davantage sur l'environnement et comment nous pouvons le prot\u00e9ger. En \u00e9tudiant les            <\/div>\n            <a class=\"element element_3  read_more \" target=\"\" href=\"https:\/\/sportinfinance.com\/fr\/les-projets-ecologiques-un-bel-avenir-pour-le-monde\/\"><\/a>\n    \n    <\/div>\n        <\/div>\n    <\/div><div class=\"item item-5764 skin flat odd 1 \">\n                <div class=\"layer-wrapper layout-\">\n                <div class=\"layer-media\"><\/div>\n    <div class=\"layer-content\">\n            <div class=\"element element_0  element-media \">\n        \n\n    <\/div>\n    <div class=\"element element_1  title_link \">\n                    <a target=\"\" href=\"https:\/\/sportinfinance.com\/fr\/les-7-considerations-cles-en-matiere-dinvestissement\/\">Les 7 consid\u00e9rations cl\u00e9s en mati\u00e8re d&rsquo;investissement<\/a>\n            <\/div>\n    <div class=\"element element_2  excerpt \">\n        Quand il s'agit d'investir, il faut tenir en compte ces \u00e9l\u00e9ments : Votre analyse financi\u00e8reLa r\u00e9partition de vos actifs La            <\/div>\n            <a class=\"element element_3  read_more \" target=\"\" href=\"https:\/\/sportinfinance.com\/fr\/les-7-considerations-cles-en-matiere-dinvestissement\/\"><\/a>\n    \n    <\/div>\n        <\/div>\n    <\/div><div class=\"item item-5739 skin flat even 2 \">\n                <div class=\"layer-wrapper layout-\">\n                <div class=\"layer-media\"><\/div>\n    <div class=\"layer-content\">\n            <div class=\"element element_0  element-media \">\n        \n\n    <\/div>\n    <div class=\"element element_1  title_link \">\n                    <a target=\"\" href=\"https:\/\/sportinfinance.com\/fr\/comment-guerir-de-ses-blessures-professionnelles\/\">COMMENT GU\u00c9RIR DE SES BLESSURES PROFESSIONNELLES ?<\/a>\n            <\/div>\n    <div class=\"element element_2  excerpt \">\n        Lorsqu'une personne est bless\u00e9e, elle peut avoir le besoin d'aller \u00e0 l'h\u00f4pital pour se faire recoudre ou se faire soigner.            <\/div>\n            <a class=\"element element_3  read_more \" target=\"\" href=\"https:\/\/sportinfinance.com\/fr\/comment-guerir-de-ses-blessures-professionnelles\/\"><\/a>\n    \n    <\/div>\n        <\/div>\n    <\/div><div class=\"item item-5699 skin flat odd 3 \">\n                <div class=\"layer-wrapper layout-\">\n                <div class=\"layer-media\"><\/div>\n    <div class=\"layer-content\">\n            <div class=\"element element_0  element-media \">\n        \n\n    <\/div>\n    <div class=\"element element_1  title_link \">\n                    <a target=\"\" href=\"https:\/\/sportinfinance.com\/fr\/le-reel-defi-consiste-a-gerer-le-temps-consacre-au-montage-de-votre-dossier\/\">Le r\u00e9el d\u00e9fi consiste \u00e0 g\u00e9rer le temps consacr\u00e9 au montage de votre dossier<\/a>\n            <\/div>\n    <div class=\"element element_2  excerpt \">\n        \u00a0 +100 aides &amp; subventions \u2013 Version interactive +100 opportunit\u00e9s d'aides aujourd'hui Transformez le stress administratif en un parcours guid\u00e9            <\/div>\n            <a class=\"element element_3  read_more \" target=\"\" href=\"https:\/\/sportinfinance.com\/fr\/le-reel-defi-consiste-a-gerer-le-temps-consacre-au-montage-de-votre-dossier\/\"><\/a>\n    \n    <\/div>\n        <\/div>\n    <\/div><div class=\"item item-5273 skin flat even 4 \">\n                <div class=\"layer-wrapper layout-\">\n                <div class=\"layer-media\"><\/div>\n    <div class=\"layer-content\">\n            <div class=\"element element_0  element-media \">\n        <a target=\"_self\" href=\"https:\/\/sportinfinance.com\/fr\/comment-reussir-son-projet-deconomie-circulaire-et-solidaire\/\"><img loading=\"lazy\" decoding=\"async\" width=\"940\" height=\"788\" src=\"https:\/\/sportinfinance.com\/fr\/wp-content\/uploads\/2023\/04\/Yellow-Vivid-Did-You-Know-Interesting-Fact-Facebook-Post-1.png\" class=\"attachment-large size-large wp-post-image\" alt=\"\" srcset=\"https:\/\/sportinfinance.com\/fr\/wp-content\/uploads\/2023\/04\/Yellow-Vivid-Did-You-Know-Interesting-Fact-Facebook-Post-1.png 940w, https:\/\/sportinfinance.com\/fr\/wp-content\/uploads\/2023\/04\/Yellow-Vivid-Did-You-Know-Interesting-Fact-Facebook-Post-1-300x251.png 300w, https:\/\/sportinfinance.com\/fr\/wp-content\/uploads\/2023\/04\/Yellow-Vivid-Did-You-Know-Interesting-Fact-Facebook-Post-1-768x644.png 768w\" sizes=\"(max-width: 940px) 100vw, 940px\" \/><\/a>\n\n    <\/div>\n    <div class=\"element element_1  title_link \">\n                    <a target=\"\" href=\"https:\/\/sportinfinance.com\/fr\/comment-reussir-son-projet-deconomie-circulaire-et-solidaire\/\">Comment r\u00e9ussir son projet d\u2019\u00e9conomie circulaire et solidaire\u00a0?<\/a>\n            <\/div>\n    <div class=\"element element_2  excerpt \">\n        Galvanis\u00e9 par l\u2019entr\u00e9e en vigueur de la loi n\u00b02020-105 du 10 f\u00e9vrier 2020, vous br\u00fblez d\u2019envie de lancer un projet            <\/div>\n            <a class=\"element element_3  read_more \" target=\"\" href=\"https:\/\/sportinfinance.com\/fr\/comment-reussir-son-projet-deconomie-circulaire-et-solidaire\/\"><\/a>\n    \n    <\/div>\n        <\/div>\n    <\/div><div class=\"item item-5206 skin flat odd 5 \">\n                <div class=\"layer-wrapper layout-\">\n                <div class=\"layer-media\"><\/div>\n    <div class=\"layer-content\">\n            <div class=\"element element_0  element-media \">\n        <a target=\"_self\" href=\"https:\/\/sportinfinance.com\/fr\/comment-lever-des-fonds-pour-financer-des-projets-avec-les-nft\/\"><img loading=\"lazy\" decoding=\"async\" width=\"1024\" height=\"1024\" src=\"https:\/\/sportinfinance.com\/fr\/wp-content\/uploads\/2021\/11\/Jaune-Main-Desinfectant-Interactif-UI-Sante-et-hygiene-Instagram-Publication-1024x1024.png\" class=\"attachment-large size-large wp-post-image\" alt=\"\" srcset=\"https:\/\/sportinfinance.com\/fr\/wp-content\/uploads\/2021\/11\/Jaune-Main-Desinfectant-Interactif-UI-Sante-et-hygiene-Instagram-Publication-1024x1024.png 1024w, https:\/\/sportinfinance.com\/fr\/wp-content\/uploads\/2021\/11\/Jaune-Main-Desinfectant-Interactif-UI-Sante-et-hygiene-Instagram-Publication-300x300.png 300w, https:\/\/sportinfinance.com\/fr\/wp-content\/uploads\/2021\/11\/Jaune-Main-Desinfectant-Interactif-UI-Sante-et-hygiene-Instagram-Publication-150x150.png 150w, https:\/\/sportinfinance.com\/fr\/wp-content\/uploads\/2021\/11\/Jaune-Main-Desinfectant-Interactif-UI-Sante-et-hygiene-Instagram-Publication-768x768.png 768w, https:\/\/sportinfinance.com\/fr\/wp-content\/uploads\/2021\/11\/Jaune-Main-Desinfectant-Interactif-UI-Sante-et-hygiene-Instagram-Publication.png 1080w\" sizes=\"(max-width: 1024px) 100vw, 1024px\" \/><\/a>\n\n    <\/div>\n    <div class=\"element element_1  title_link \">\n                    <a target=\"\" href=\"https:\/\/sportinfinance.com\/fr\/comment-lever-des-fonds-pour-financer-des-projets-avec-les-nft\/\">Comment lever des fonds pour financer des projets avec les NFT\u00a0?<\/a>\n            <\/div>\n    <div class=\"element element_2  excerpt \">\n        Qu\u2019est-ce que les NFT&nbsp;? Les NFT (non-fungible token), dits jetons non fongibles en fran\u00e7ais, appartiennent au monde des cryptommannaies dont            <\/div>\n            <a class=\"element element_3  read_more \" target=\"\" href=\"https:\/\/sportinfinance.com\/fr\/comment-lever-des-fonds-pour-financer-des-projets-avec-les-nft\/\"><\/a>\n    \n    <\/div>\n        <\/div>\n    <\/div><div class=\"item item-1380 skin flat even 6 \">\n                <div class=\"layer-wrapper layout-\">\n                <div class=\"layer-media\"><\/div>\n    <div class=\"layer-content\">\n            <div class=\"element element_0  element-media \">\n        \n\n    <\/div>\n    <div class=\"element element_1  title_link \">\n                    <a target=\"\" href=\"https:\/\/sportinfinance.com\/fr\/smo-concept-qui-transforme-les-dechets-en-electricite\/\">SMO, concept qui transforme les d\u00e9chets en \u00e9lectricit\u00e9<\/a>\n            <\/div>\n    <div class=\"element element_2  excerpt \">\n        https:\/\/sportinfinance.com\/fr\/wp-content\/uploads\/2017\/05\/SMO-motion-design.mp4 Prendre un rdv avec un charg\u00e9 de mission            <\/div>\n            <a class=\"element element_3  read_more \" target=\"\" href=\"https:\/\/sportinfinance.com\/fr\/smo-concept-qui-transforme-les-dechets-en-electricite\/\"><\/a>\n    \n    <\/div>\n        <\/div>\n    <\/div><div class=\"item item-13347 skin flat odd 7 \">\n                <div class=\"layer-wrapper layout-\">\n                <div class=\"layer-media\"><\/div>\n    <div class=\"layer-content\">\n            <div class=\"element element_0  element-media \">\n        <a target=\"_self\" href=\"https:\/\/sportinfinance.com\/fr\/ptit-pannye\/\"><img loading=\"lazy\" decoding=\"async\" width=\"596\" height=\"436\" src=\"https:\/\/sportinfinance.com\/fr\/wp-content\/uploads\/2025\/04\/pti-panie.png\" class=\"attachment-large size-large wp-post-image\" alt=\"\" srcset=\"https:\/\/sportinfinance.com\/fr\/wp-content\/uploads\/2025\/04\/pti-panie.png 596w, https:\/\/sportinfinance.com\/fr\/wp-content\/uploads\/2025\/04\/pti-panie-300x219.png 300w\" sizes=\"(max-width: 596px) 100vw, 596px\" \/><\/a>\n\n    <\/div>\n    <div class=\"element element_1  title_link \">\n                    <a target=\"\" href=\"https:\/\/sportinfinance.com\/fr\/ptit-pannye\/\">P&rsquo;TIT PANNYE<\/a>\n            <\/div>\n    <div class=\"element element_2  excerpt \">\n        Structuration, subventions num\u00e9riques et strat\u00e9gie solidaire \u2013 Accompagnement de P'P P'tit Pannye            <\/div>\n            <a class=\"element element_3  read_more \" target=\"\" href=\"https:\/\/sportinfinance.com\/fr\/ptit-pannye\/\"><\/a>\n    \n    <\/div>\n        <\/div>\n    <\/div><div class=\"item item-13316 skin flat even 8 \">\n                <div class=\"layer-wrapper layout-\">\n                <div class=\"layer-media\"><\/div>\n    <div class=\"layer-content\">\n            <div class=\"element element_0  element-media \">\n        <a target=\"_self\" href=\"https:\/\/sportinfinance.com\/fr\/hebergements-seniors-autonomes\/\"><img loading=\"lazy\" decoding=\"async\" width=\"509\" height=\"500\" src=\"https:\/\/sportinfinance.com\/fr\/wp-content\/uploads\/2025\/04\/logo-fla-e1746064742335.png\" class=\"attachment-large size-large wp-post-image\" alt=\"\" srcset=\"https:\/\/sportinfinance.com\/fr\/wp-content\/uploads\/2025\/04\/logo-fla-e1746064742335.png 509w, https:\/\/sportinfinance.com\/fr\/wp-content\/uploads\/2025\/04\/logo-fla-e1746064742335-300x295.png 300w\" sizes=\"(max-width: 509px) 100vw, 509px\" \/><\/a>\n\n    <\/div>\n    <div class=\"element element_1  title_link \">\n                    <a target=\"\" href=\"https:\/\/sportinfinance.com\/fr\/hebergements-seniors-autonomes\/\">H\u00e9bergements Seniors Autonomes\u00a0<\/a>\n            <\/div>\n    <div class=\"element element_2  excerpt \">\n        Structuration, agr\u00e9ments, marketing senior &amp; protection de marque \u2013 Accompagnement de HTSA Les Flamboyants            <\/div>\n            <a class=\"element element_3  read_more \" target=\"\" href=\"https:\/\/sportinfinance.com\/fr\/hebergements-seniors-autonomes\/\"><\/a>\n    \n    <\/div>\n        <\/div>\n    <\/div><div class=\"item item-13300 skin flat odd 9 \">\n                <div class=\"layer-wrapper layout-\">\n                <div class=\"layer-media\"><\/div>\n    <div class=\"layer-content\">\n            <div class=\"element element_0  element-media \">\n        <a target=\"_self\" href=\"https:\/\/sportinfinance.com\/fr\/le-cocotel-hotel-et-spa\/\"><img loading=\"lazy\" decoding=\"async\" width=\"1024\" height=\"819\" src=\"https:\/\/sportinfinance.com\/fr\/wp-content\/uploads\/2025\/04\/Logo-_Le-Cocotel_--scaled-e1746021760833-1024x819.jpg\" class=\"attachment-large size-large wp-post-image\" alt=\"\" srcset=\"https:\/\/sportinfinance.com\/fr\/wp-content\/uploads\/2025\/04\/Logo-_Le-Cocotel_--scaled-e1746021760833-1024x819.jpg 1024w, https:\/\/sportinfinance.com\/fr\/wp-content\/uploads\/2025\/04\/Logo-_Le-Cocotel_--scaled-e1746021760833-300x240.jpg 300w, https:\/\/sportinfinance.com\/fr\/wp-content\/uploads\/2025\/04\/Logo-_Le-Cocotel_--scaled-e1746021760833-768x614.jpg 768w, https:\/\/sportinfinance.com\/fr\/wp-content\/uploads\/2025\/04\/Logo-_Le-Cocotel_--scaled-e1746021760833-1536x1228.jpg 1536w, https:\/\/sportinfinance.com\/fr\/wp-content\/uploads\/2025\/04\/Logo-_Le-Cocotel_--scaled-e1746021760833.jpg 1830w\" sizes=\"(max-width: 1024px) 100vw, 1024px\" \/><\/a>\n\n    <\/div>\n    <div class=\"element element_1  title_link \">\n                    <a target=\"\" href=\"https:\/\/sportinfinance.com\/fr\/le-cocotel-hotel-et-spa\/\">Le Cocotel &#8211; H\u00f4tel et Spa<\/a>\n            <\/div>\n    <div class=\"element element_2  excerpt \">\n        Structuration financi\u00e8re et lev\u00e9e de fonds pour un h\u00f4tel de charme \u2013 Retour sur notre accompagnement de l\u2019H\u00f4tel Le Cocotel            <\/div>\n            <a class=\"element element_3  read_more \" target=\"\" href=\"https:\/\/sportinfinance.com\/fr\/le-cocotel-hotel-et-spa\/\"><\/a>\n    \n    <\/div>\n        <\/div>\n    <\/div><div class=\"item item-13288 skin flat even 10 \">\n                <div class=\"layer-wrapper layout-\">\n                <div class=\"layer-media\"><\/div>\n    <div class=\"layer-content\">\n            <div class=\"element element_0  element-media \">\n        <a target=\"_self\" href=\"https:\/\/sportinfinance.com\/fr\/vrd-outremer-solutions\/\"><img loading=\"lazy\" decoding=\"async\" width=\"885\" height=\"523\" src=\"https:\/\/sportinfinance.com\/fr\/wp-content\/uploads\/2025\/04\/logo-vros2-e1746019325406.png\" class=\"attachment-large size-large wp-post-image\" alt=\"\" srcset=\"https:\/\/sportinfinance.com\/fr\/wp-content\/uploads\/2025\/04\/logo-vros2-e1746019325406.png 885w, https:\/\/sportinfinance.com\/fr\/wp-content\/uploads\/2025\/04\/logo-vros2-e1746019325406-300x177.png 300w, https:\/\/sportinfinance.com\/fr\/wp-content\/uploads\/2025\/04\/logo-vros2-e1746019325406-768x454.png 768w\" sizes=\"(max-width: 885px) 100vw, 885px\" \/><\/a>\n\n    <\/div>\n    <div class=\"element element_1  title_link \">\n                    <a target=\"\" href=\"https:\/\/sportinfinance.com\/fr\/vrd-outremer-solutions\/\">VRD OUTREMER SOLUTIONS<\/a>\n            <\/div>\n    <div class=\"element element_2  excerpt \">\n        Structuration compl\u00e8te et lancement d\u2019activit\u00e9 \u2013 Retour sur notre accompagnement de VRD Outremer Solutions            <\/div>\n            <a class=\"element element_3  read_more \" target=\"\" href=\"https:\/\/sportinfinance.com\/fr\/vrd-outremer-solutions\/\"><\/a>\n    \n    <\/div>\n        <\/div>\n    <\/div><div class=\"item item-13225 skin flat odd 11 \">\n                <div class=\"layer-wrapper layout-\">\n                <div class=\"layer-media\"><\/div>\n    <div class=\"layer-content\">\n            <div class=\"element element_0  element-media \">\n        <a target=\"_self\" href=\"https:\/\/sportinfinance.com\/fr\/bhb-promotion\/\"><img loading=\"lazy\" decoding=\"async\" width=\"660\" height=\"421\" src=\"https:\/\/sportinfinance.com\/fr\/wp-content\/uploads\/2025\/04\/logo-BHB-PROMOTION.png\" class=\"attachment-large size-large wp-post-image\" alt=\"\" srcset=\"https:\/\/sportinfinance.com\/fr\/wp-content\/uploads\/2025\/04\/logo-BHB-PROMOTION.png 660w, https:\/\/sportinfinance.com\/fr\/wp-content\/uploads\/2025\/04\/logo-BHB-PROMOTION-300x191.png 300w\" sizes=\"(max-width: 660px) 100vw, 660px\" \/><\/a>\n\n    <\/div>\n    <div class=\"element element_1  title_link \">\n                    <a target=\"\" href=\"https:\/\/sportinfinance.com\/fr\/bhb-promotion\/\">BHB Promotion<\/a>\n            <\/div>\n    <div class=\"element element_2  excerpt \">\n        Cr\u00e9ation, structuration et lev\u00e9e de fonds : retour sur notre mission aupr\u00e8s de BHB Promotion            <\/div>\n            <a class=\"element element_3  read_more \" target=\"\" href=\"https:\/\/sportinfinance.com\/fr\/bhb-promotion\/\"><\/a>\n    \n    <\/div>\n        <\/div>\n    <\/div><div class=\"item item-13256 skin flat even 12 \">\n                <div class=\"layer-wrapper layout-\">\n                <div class=\"layer-media\"><\/div>\n    <div class=\"layer-content\">\n            <div class=\"element element_0  element-media \">\n        <a target=\"_self\" href=\"https:\/\/sportinfinance.com\/fr\/faje-net-services\/\"><img loading=\"lazy\" decoding=\"async\" width=\"373\" height=\"402\" src=\"https:\/\/sportinfinance.com\/fr\/wp-content\/uploads\/2025\/04\/logo-faje-net-e1746015986749.png\" class=\"attachment-large size-large wp-post-image\" alt=\"\" srcset=\"https:\/\/sportinfinance.com\/fr\/wp-content\/uploads\/2025\/04\/logo-faje-net-e1746015986749.png 373w, https:\/\/sportinfinance.com\/fr\/wp-content\/uploads\/2025\/04\/logo-faje-net-e1746015986749-278x300.png 278w\" sizes=\"(max-width: 373px) 100vw, 373px\" \/><\/a>\n\n    <\/div>\n    <div class=\"element element_1  title_link \">\n                    <a target=\"\" href=\"https:\/\/sportinfinance.com\/fr\/faje-net-services\/\">Faje Net Services<\/a>\n            <\/div>\n    <div class=\"element element_2  excerpt \">\n        Expert en Nettoyage Industriel Solutions professionnelles de nettoyage pour entreprises et collectivit\u00e9s            <\/div>\n            <a class=\"element element_3  read_more \" target=\"\" href=\"https:\/\/sportinfinance.com\/fr\/faje-net-services\/\"><\/a>\n    \n    <\/div>\n        <\/div>\n    <\/div>        <\/div>\n        <div class=\"pagination\">\n            <div class=\"paginate\">\n        <span aria-current=\"page\" class=\"page-numbers current\">1<\/span>\n<a class=\"page-numbers\" href=\"https:\/\/sportinfinance.com\/fr\/wp-json\/wp\/v2\/pages\/4617\/page\/2\/\">2<\/a>\n<a class=\"page-numbers\" href=\"https:\/\/sportinfinance.com\/fr\/wp-json\/wp\/v2\/pages\/4617\/page\/3\/\">3<\/a>\n<span class=\"page-numbers dots\">\u2026<\/span>\n<a class=\"page-numbers\" href=\"https:\/\/sportinfinance.com\/fr\/wp-json\/wp\/v2\/pages\/4617\/page\/20\/\">20<\/a>\n<a class=\"next page-numbers\" href=\"https:\/\/sportinfinance.com\/fr\/wp-json\/wp\/v2\/pages\/4617\/page\/2\/\">Suivant\u00bb<\/a>    <\/div>\n    <style type=\"text\/css\">\n        #post-grid-4444 .pagination .page-numbers {\n            font-size: 16px;\n            color: #fff;\n            background: #646464;\n        }\n\n        #post-grid-4444 .pagination .page-numbers:hover,\n        #post-grid-4444 .pagination .page-numbers.current {\n            background: #4b4b4b;\n        }\n    <\/style>\n    <\/div>\n    <style type=\"text\/css\">\n        #post-grid-4444 .element_0 {\n            display: block;font-size: 21px;line-height: normal;padding: 5px 10px;text-align: left; text-decoration: none;        }\n\n        #post-grid-4444 .element_1 {\n            display: block;font-size: 21px;line-height: normal;padding: 5px 10px;text-align: left; text-decoration: none;        }\n\n        #post-grid-4444 .element_2 {\n            display: block;font-size: 14px;padding: 5px 10px;text-align: left;        }\n\n        #post-grid-4444 .element_3 {\n            display: block;font-size: 12px;font-weight: bold;padding: 0 10px;text-align: left;text-decoration: none;        }\n\n        #post-grid-4444 .element_0:hover{}#post-grid-4444 .element_1:hover{}#post-grid-4444 .element_2:hover{}#post-grid-4444 .element_3:hover{}    <\/style>\n    \n\n        <script>\n        \n            <\/script>\n        <style type=\"text\/css\">\n        #post-grid-4444 {\n            padding: 10px;\n                    }\n\n        #post-grid-4444 .item {\n            \/*             margin:;\n         *\/\n            padding: 0px;\n            background: #fff;\n                    }\n\n        #post-grid-4444 .item .layer-media {\n            height:auto;        }\n\n        @media only screen and (min-width: 0px) and (max-width: 767px) {\n            #post-grid-4444 .grid-items {\n                text-align: center;\n                ;\n\n            }\n\n            #post-grid-4444 .item {\n                width: 90%;\n                margin: 10px;\n                display: inline-block;\n                vertical-align: top;\n\n                height:auto;            }\n        }\n\n        @media only screen and (min-width: 768px) and (max-width: 1023px) {\n            #post-grid-4444 .grid-items {\n                 text-align: center;\n                            }\n\n            #post-grid-4444 .item {\n                width: 280px;\n                margin: 10px;\n                display: inline-block;\n                vertical-align: top;\n                max-height:auto;            }\n        }\n\n        @media only screen and (min-width: 1024px) {\n            #post-grid-4444 .grid-items {\n                text-align: center;\n                            }\n\n            #post-grid-4444 .item {\n                width: 280px;\n                display: inline-block;\n                margin: 10px;\n                vertical-align: top;\n                height:auto;            }\n        }\n\n            <\/style>\n    <\/div>\n\n\n\n\n<p><\/p>\n","protected":false},"excerpt":{"rendered":"","protected":false},"author":1,"featured_media":0,"parent":0,"menu_order":0,"comment_status":"closed","ping_status":"closed","template":"","meta":{"om_disable_all_campaigns":false,"_monsterinsights_skip_tracking":false,"_monsterinsights_sitenote_active":false,"_monsterinsights_sitenote_note":"","_monsterinsights_sitenote_category":0,"footnotes":""},"class_list":["post-4617","page","type-page","status-publish","hentry"],"aioseo_notices":[],"_links":{"self":[{"href":"https:\/\/sportinfinance.com\/fr\/wp-json\/wp\/v2\/pages\/4617"}],"collection":[{"href":"https:\/\/sportinfinance.com\/fr\/wp-json\/wp\/v2\/pages"}],"about":[{"href":"https:\/\/sportinfinance.com\/fr\/wp-json\/wp\/v2\/types\/page"}],"author":[{"embeddable":true,"href":"https:\/\/sportinfinance.com\/fr\/wp-json\/wp\/v2\/users\/1"}],"replies":[{"embeddable":true,"href":"https:\/\/sportinfinance.com\/fr\/wp-json\/wp\/v2\/comments?post=4617"}],"version-history":[{"count":1,"href":"https:\/\/sportinfinance.com\/fr\/wp-json\/wp\/v2\/pages\/4617\/revisions"}],"predecessor-version":[{"id":4618,"href":"https:\/\/sportinfinance.com\/fr\/wp-json\/wp\/v2\/pages\/4617\/revisions\/4618"}],"wp:attachment":[{"href":"https:\/\/sportinfinance.com\/fr\/wp-json\/wp\/v2\/media?parent=4617"}],"curies":[{"name":"wp","href":"https:\/\/api.w.org\/{rel}","templated":true}]}}