{"id":3581,"date":"2020-11-03T13:57:21","date_gmt":"2020-11-03T19:57:21","guid":{"rendered":"https:\/\/sportinfinance.com\/fr\/?page_id=3581"},"modified":"2025-04-27T20:33:15","modified_gmt":"2025-04-28T02:33:15","slug":"levee-de-fonds","status":"publish","type":"page","link":"https:\/\/sportinfinance.com\/fr\/levee-de-fonds\/","title":{"rendered":"Lev\u00e9e de Fonds"},"content":{"rendered":"\t\t<div data-elementor-type=\"wp-page\" data-elementor-id=\"3581\" class=\"elementor elementor-3581\">\n\t\t\t\t\t\t<div class=\"elementor-inner\">\n\t\t\t\t<div class=\"elementor-section-wrap\">\n\t\t\t\t\t\t\t\t\t<section class=\"elementor-section elementor-top-section elementor-element elementor-element-54c00b3 elementor-section-full_width elementor-section-height-default elementor-section-height-default\" data-id=\"54c00b3\" data-element_type=\"section\">\n\t\t\t\t\t\t<div class=\"elementor-container elementor-column-gap-default\">\n\t\t\t\t\t\t\t<div class=\"elementor-row\">\n\t\t\t\t\t<div class=\"elementor-column elementor-col-100 elementor-top-column elementor-element elementor-element-1eb4fd5\" data-id=\"1eb4fd5\" data-element_type=\"column\">\n\t\t\t<div class=\"elementor-column-wrap elementor-element-populated\">\n\t\t\t\t\t\t\t<div class=\"elementor-widget-wrap\">\n\t\t\t\t\t\t<div class=\"elementor-element elementor-element-6ba8585 elementor-widget elementor-widget-video\" data-id=\"6ba8585\" data-element_type=\"widget\" data-settings=\"{&quot;video_type&quot;:&quot;hosted&quot;,&quot;loop&quot;:&quot;yes&quot;,&quot;controls&quot;:&quot;yes&quot;}\" data-widget_type=\"video.default\">\n\t\t\t\t<div class=\"elementor-widget-container\">\n\t\t\t\t\t<div class=\"e-hosted-video elementor-wrapper elementor-open-inline\">\n\t\t\t\t\t<video class=\"elementor-video\" src=\"https:\/\/sportinfinance.com\/fr\/wp-content\/uploads\/2024\/04\/lEVEE-DE-FONDS.mp4\" loop=\"\" controls=\"\" preload=\"metadata\" controlsList=\"nodownload\"><\/video>\n\t\t\t\t<\/div>\n\t\t\t\t<\/div>\n\t\t\t\t<\/div>\n\t\t\t\t\t\t<\/div>\n\t\t\t\t\t<\/div>\n\t\t<\/div>\n\t\t\t\t\t\t\t\t<\/div>\n\t\t\t\t\t<\/div>\n\t\t<\/section>\n\t\t\t\t<section class=\"elementor-section elementor-top-section elementor-element elementor-element-c871f64 elementor-section-boxed elementor-section-height-default elementor-section-height-default\" data-id=\"c871f64\" data-element_type=\"section\">\n\t\t\t\t\t\t<div class=\"elementor-container elementor-column-gap-default\">\n\t\t\t\t\t\t\t<div class=\"elementor-row\">\n\t\t\t\t\t<div class=\"elementor-column elementor-col-100 elementor-top-column elementor-element elementor-element-251f937\" data-id=\"251f937\" data-element_type=\"column\">\n\t\t\t<div class=\"elementor-column-wrap elementor-element-populated\">\n\t\t\t\t\t\t\t<div class=\"elementor-widget-wrap\">\n\t\t\t\t\t\t<div class=\"elementor-element elementor-element-2ec790d elementor-widget elementor-widget-text-editor\" data-id=\"2ec790d\" data-element_type=\"widget\" data-widget_type=\"text-editor.default\">\n\t\t\t\t<div class=\"elementor-widget-container\">\n\t\t\t\t\t\t\t\t<div class=\"elementor-text-editor elementor-clearfix\">\n\t\t\t\t<h2 style=\"font-family: Roboto, sans-serif;\"><span style=\"color: #696c77; font-size: 16px;\">Vous souhaitez passer cap en utilisant la&nbsp;<\/span><span style=\"font-weight: bolder; color: #696c77; font-size: 16px;\">Lev\u00e9e de fonds<\/span><span style=\"color: #696c77; font-size: 16px;\">&nbsp;?<\/span><\/h2>\n<p><\/p>\n<p>Effectuer votre c<span style=\"font-weight: bolder;\">ollecte de fonds<\/span>&nbsp;via un partenaire d&rsquo;exp\u00e9rience<\/p>\n<p><\/p>\n<p>Vous souhaitez r\u00e9aliser d\u2019importants investissements (R&amp;D, production, dvpt commercial\u2026) ?<\/p>\n<p><\/p>\n<p>Vous souhaitez acc\u00e9l\u00e9rer votre d\u00e9veloppement ?<\/p>\n<p><\/p>\n<p>Obtenir de nouveaux march\u00e9s ?<\/p>\n<p><\/p>\n<p>Financer le besoin en fonds de roulement ?<\/p>\n<p><\/p>\n<p>Renforcer votre structure de fonds propres ?<\/p>\n<p><\/p>\n<p>Reproduire un mod\u00e8le ou acc\u00e9l\u00e9rer votre d\u00e9veloppement \u00e0 l\u2019international ?<\/p>\t\t\t\t\t<\/div>\n\t\t\t\t\t\t<\/div>\n\t\t\t\t<\/div>\n\t\t\t\t\t\t<\/div>\n\t\t\t\t\t<\/div>\n\t\t<\/div>\n\t\t\t\t\t\t\t\t<\/div>\n\t\t\t\t\t<\/div>\n\t\t<\/section>\n\t\t\t\t<section class=\"elementor-section elementor-top-section elementor-element elementor-element-2f4b044 elementor-section-boxed elementor-section-height-default elementor-section-height-default\" data-id=\"2f4b044\" data-element_type=\"section\">\n\t\t\t\t\t\t<div class=\"elementor-container elementor-column-gap-default\">\n\t\t\t\t\t\t\t<div class=\"elementor-row\">\n\t\t\t\t\t<div class=\"elementor-column elementor-col-100 elementor-top-column elementor-element elementor-element-47d5bd1\" data-id=\"47d5bd1\" data-element_type=\"column\">\n\t\t\t<div class=\"elementor-column-wrap elementor-element-populated\">\n\t\t\t\t\t\t\t<div class=\"elementor-widget-wrap\">\n\t\t\t\t\t\t<div class=\"elementor-element elementor-element-b738488 elementor-widget elementor-widget-html\" data-id=\"b738488\" data-element_type=\"widget\" data-widget_type=\"html.default\">\n\t\t\t\t<div class=\"elementor-widget-container\">\n\t\t\t<iframe loading=\"lazy\" src=\"https:\/\/www.facebook.com\/plugins\/video.php?height=314&href=https%3A%2F%2Fwww.facebook.com%2Fsportinfinance%2Fvideos%2F284467286952907%2F&show_text=false&width=560&t=0\" width=\"760\" height=\"380\" style=\"border:none;overflow:hidden\" scrolling=\"no\" frameborder=\"0\" allowfullscreen=\"true\" allow=\"autoplay; clipboard-write; encrypted-media; picture-in-picture; web-share\" allowFullScreen=\"true\"><\/iframe>\t\t<\/div>\n\t\t\t\t<\/div>\n\t\t\t\t\t\t<\/div>\n\t\t\t\t\t<\/div>\n\t\t<\/div>\n\t\t\t\t\t\t\t\t<\/div>\n\t\t\t\t\t<\/div>\n\t\t<\/section>\n\t\t\t\t<section class=\"elementor-section elementor-top-section elementor-element elementor-element-03b8919 elementor-section-boxed elementor-section-height-default elementor-section-height-default\" data-id=\"03b8919\" data-element_type=\"section\">\n\t\t\t\t\t\t<div class=\"elementor-container elementor-column-gap-default\">\n\t\t\t\t\t\t\t<div class=\"elementor-row\">\n\t\t\t\t\t<div class=\"elementor-column elementor-col-100 elementor-top-column elementor-element elementor-element-4e74897\" data-id=\"4e74897\" data-element_type=\"column\">\n\t\t\t<div class=\"elementor-column-wrap elementor-element-populated\">\n\t\t\t\t\t\t\t<div class=\"elementor-widget-wrap\">\n\t\t\t\t\t\t<div class=\"elementor-element elementor-element-cffa174 elementor-widget elementor-widget-html\" data-id=\"cffa174\" data-element_type=\"widget\" data-widget_type=\"html.default\">\n\t\t\t\t<div class=\"elementor-widget-container\">\n\t\t\t<iframe loading=\"lazy\" src=\"https:\/\/mondossier.sportinfinance.com\/cp\/271389-5fa1b3e92fe9f?embedded=1\" frameborder=\"0\" height=\"800\" width=\"100%\"><\/iframe>\r\n\t\t<\/div>\n\t\t\t\t<\/div>\n\t\t\t\t\t\t<\/div>\n\t\t\t\t\t<\/div>\n\t\t<\/div>\n\t\t\t\t\t\t\t\t<\/div>\n\t\t\t\t\t<\/div>\n\t\t<\/section>\n\t\t\t\t\t\t\t\t\t<\/div>\n\t\t\t<\/div>\n\t\t\t\t\t<\/div>\n\t\t","protected":false},"excerpt":{"rendered":"<p>https:\/\/sportinfinance.com\/fr\/wp-content\/uploads\/2024\/04\/lEVEE-DE-FONDS.mp4 Vous souhaitez passer cap en utilisant la&nbsp;Lev\u00e9e de fonds&nbsp;? Effectuer votre collecte de fonds&nbsp;via un partenaire d&rsquo;exp\u00e9rience Vous souhaitez r\u00e9aliser d\u2019importants investissements (R&amp;D, production, dvpt commercial\u2026) ? Vous souhaitez&hellip; <\/p>\n","protected":false},"author":1,"featured_media":0,"parent":0,"menu_order":0,"comment_status":"closed","ping_status":"closed","template":"","meta":{"om_disable_all_campaigns":false,"_monsterinsights_skip_tracking":false,"_monsterinsights_sitenote_active":false,"_monsterinsights_sitenote_note":"","_monsterinsights_sitenote_category":0,"footnotes":""},"class_list":["post-3581","page","type-page","status-publish","hentry"],"aioseo_notices":[],"_links":{"self":[{"href":"https:\/\/sportinfinance.com\/fr\/wp-json\/wp\/v2\/pages\/3581"}],"collection":[{"href":"https:\/\/sportinfinance.com\/fr\/wp-json\/wp\/v2\/pages"}],"about":[{"href":"https:\/\/sportinfinance.com\/fr\/wp-json\/wp\/v2\/types\/page"}],"author":[{"embeddable":true,"href":"https:\/\/sportinfinance.com\/fr\/wp-json\/wp\/v2\/users\/1"}],"replies":[{"embeddable":true,"href":"https:\/\/sportinfinance.com\/fr\/wp-json\/wp\/v2\/comments?post=3581"}],"version-history":[{"count":30,"href":"https:\/\/sportinfinance.com\/fr\/wp-json\/wp\/v2\/pages\/3581\/revisions"}],"predecessor-version":[{"id":13220,"href":"https:\/\/sportinfinance.com\/fr\/wp-json\/wp\/v2\/pages\/3581\/revisions\/13220"}],"wp:attachment":[{"href":"https:\/\/sportinfinance.com\/fr\/wp-json\/wp\/v2\/media?parent=3581"}],"curies":[{"name":"wp","href":"https:\/\/api.w.org\/{rel}","templated":true}]}}