{"id":1957,"date":"2019-10-19T10:14:54","date_gmt":"2019-10-19T16:14:54","guid":{"rendered":"https:\/\/sportinfinance.com\/fr\/?page_id=1957"},"modified":"2024-04-21T06:37:36","modified_gmt":"2024-04-21T12:37:36","slug":"creation-dentreprise","status":"publish","type":"page","link":"https:\/\/sportinfinance.com\/fr\/creation-dentreprise\/","title":{"rendered":"Cr\u00e9ation d&rsquo;Entreprise"},"content":{"rendered":"\t\t<div data-elementor-type=\"wp-page\" data-elementor-id=\"1957\" class=\"elementor elementor-1957\">\n\t\t\t\t\t\t<div class=\"elementor-inner\">\n\t\t\t\t<div class=\"elementor-section-wrap\">\n\t\t\t\t\t\t\t\t\t<section class=\"elementor-section elementor-top-section elementor-element elementor-element-0f8c815 elementor-section-boxed elementor-section-height-default elementor-section-height-default\" data-id=\"0f8c815\" data-element_type=\"section\">\n\t\t\t\t\t\t<div class=\"elementor-container elementor-column-gap-default\">\n\t\t\t\t\t\t\t<div class=\"elementor-row\">\n\t\t\t\t\t<div class=\"elementor-column elementor-col-100 elementor-top-column elementor-element elementor-element-e05739b\" data-id=\"e05739b\" data-element_type=\"column\">\n\t\t\t<div class=\"elementor-column-wrap elementor-element-populated\">\n\t\t\t\t\t\t\t<div class=\"elementor-widget-wrap\">\n\t\t\t\t\t\t<div class=\"elementor-element elementor-element-f43aa83 elementor-widget elementor-widget-image\" data-id=\"f43aa83\" data-element_type=\"widget\" data-widget_type=\"image.default\">\n\t\t\t\t<div class=\"elementor-widget-container\">\n\t\t\t\t\t\t\t\t<div class=\"elementor-image\">\n\t\t\t\t\t\t\t\t\t\t\t\t<img loading=\"lazy\" decoding=\"async\" width=\"940\" height=\"788\" src=\"https:\/\/sportinfinance.com\/fr\/wp-content\/uploads\/2021\/10\/creation-testi.jpg\" class=\"attachment-large size-large wp-image-4923\" alt=\"\" srcset=\"https:\/\/sportinfinance.com\/fr\/wp-content\/uploads\/2021\/10\/creation-testi.jpg 940w, https:\/\/sportinfinance.com\/fr\/wp-content\/uploads\/2021\/10\/creation-testi-300x251.jpg 300w, https:\/\/sportinfinance.com\/fr\/wp-content\/uploads\/2021\/10\/creation-testi-768x644.jpg 768w\" sizes=\"(max-width: 940px) 100vw, 940px\" \/>\t\t\t\t\t\t\t\t\t\t\t\t\t\t<\/div>\n\t\t\t\t\t\t<\/div>\n\t\t\t\t<\/div>\n\t\t\t\t\t\t<\/div>\n\t\t\t\t\t<\/div>\n\t\t<\/div>\n\t\t\t\t\t\t\t\t<\/div>\n\t\t\t\t\t<\/div>\n\t\t<\/section>\n\t\t\t\t<section class=\"elementor-section elementor-top-section elementor-element elementor-element-183bb59 elementor-section-boxed elementor-section-height-default elementor-section-height-default\" data-id=\"183bb59\" data-element_type=\"section\">\n\t\t\t\t\t\t<div class=\"elementor-container elementor-column-gap-default\">\n\t\t\t\t\t\t\t<div class=\"elementor-row\">\n\t\t\t\t\t<div class=\"elementor-column elementor-col-100 elementor-top-column elementor-element elementor-element-b4ef0bd\" data-id=\"b4ef0bd\" data-element_type=\"column\">\n\t\t\t<div class=\"elementor-column-wrap elementor-element-populated\">\n\t\t\t\t\t\t\t<div class=\"elementor-widget-wrap\">\n\t\t\t\t\t\t<div class=\"elementor-element elementor-element-ea1ed28 elementor-widget elementor-widget-text-editor\" data-id=\"ea1ed28\" data-element_type=\"widget\" data-widget_type=\"text-editor.default\">\n\t\t\t\t<div class=\"elementor-widget-container\">\n\t\t\t\t\t\t\t\t<div class=\"elementor-text-editor elementor-clearfix\">\n\t\t\t\t<p style=\"margin-bottom: 0cm;\" align=\"JUSTIFY\"><span style=\"font-family: Segoe UI, serif;\">Extr\u00eamement flexible, quelque soit la forme juridique <\/span><span style=\"text-align: left;\">de votre s<\/span>oci\u00e9t\u00e9 (SAS, SARL, SA, SCOP, SA \u00e9conomie mixte&#8230;)&nbsp;<\/p>\n<p style=\"text-align: left; margin-bottom: 0cm;\" align=\"JUSTIFY\"><span style=\"font-family: Segoe UI, serif;\">Nous vous accompagnons jusqu&rsquo;\u00e0 l&rsquo;obtention de votre Kbis.<\/span><\/p>\n<p style=\"margin-bottom: 0cm;\" align=\"JUSTIFY\">\n<\/p><p style=\"margin-bottom: 0cm;\" align=\"JUSTIFY\"><span style=\"color: #7a7a7a; font-family: Roboto, sans-serif; text-align: initial;\">La classification de votre activit\u00e9&nbsp;va avoir un impact pour l&rsquo;aspect juridique des activit\u00e9s de votre&nbsp;soci\u00e9t\u00e9 dans le sens de&nbsp;la nomenclature de l&rsquo;insee. Cela \u00e0 pour cons\u00e9quence d&rsquo;\u00eatre \u00e9ligible \u00e0 certaines aides ou pas. Afin de vous aider, nous verrons ensemble les opportunit\u00e9s des services ou des produits de votre soci\u00e9t\u00e9. C&rsquo;est notre plus ! vis \u00e0 vis des plates formes en ligne.&nbsp;<\/span><\/p>\n<p style=\"margin-bottom: 0cm;\" align=\"JUSTIFY\">\n<\/p><p style=\"margin-bottom: 0cm;\" align=\"JUSTIFY\">Nous avons une approche globale de la cr\u00e9ation d&rsquo;entreprise, nous prenons en compte votre situation patrimoniale, ainsi le choix du montant de votre capital peut vous permettre une r\u00e9duction fiscale, bien entendu si vous \u00eates \u00e9ligibles. Il peut \u00eatre \u00e9galement au d\u00e9marrage \u00e0 1 \u20ac, on voir \u00e9galement la protection des dirigeants et l&rsquo;optimisation sa r\u00e9mun\u00e9ration<\/p>\n<p style=\"margin-bottom: 0cm;\" align=\"JUSTIFY\">\n<\/p><p style=\"margin-bottom: 0cm;\" align=\"JUSTIFY\">\n<\/p>\t\t\t\t\t<\/div>\n\t\t\t\t\t\t<\/div>\n\t\t\t\t<\/div>\n\t\t\t\t\t\t<\/div>\n\t\t\t\t\t<\/div>\n\t\t<\/div>\n\t\t\t\t\t\t\t\t<\/div>\n\t\t\t\t\t<\/div>\n\t\t<\/section>\n\t\t\t\t<section class=\"elementor-section elementor-top-section elementor-element elementor-element-fdfcc55 elementor-section-boxed elementor-section-height-default elementor-section-height-default\" data-id=\"fdfcc55\" data-element_type=\"section\">\n\t\t\t\t\t\t<div class=\"elementor-container elementor-column-gap-default\">\n\t\t\t\t\t\t\t<div class=\"elementor-row\">\n\t\t\t\t\t<div class=\"elementor-column elementor-col-100 elementor-top-column elementor-element elementor-element-c9f5646\" data-id=\"c9f5646\" data-element_type=\"column\">\n\t\t\t<div class=\"elementor-column-wrap elementor-element-populated\">\n\t\t\t\t\t\t\t<div class=\"elementor-widget-wrap\">\n\t\t\t\t\t\t<div class=\"elementor-element elementor-element-c8f82ff elementor-widget elementor-widget-image\" data-id=\"c8f82ff\" data-element_type=\"widget\" data-widget_type=\"image.default\">\n\t\t\t\t<div class=\"elementor-widget-container\">\n\t\t\t\t\t\t\t\t<div class=\"elementor-image\">\n\t\t\t\t\t\t\t\t\t\t\t\t<img loading=\"lazy\" decoding=\"async\" width=\"300\" height=\"300\" src=\"https:\/\/sportinfinance.com\/fr\/wp-content\/uploads\/2021\/10\/Creation-1.png\" class=\"attachment-large size-large wp-image-4924\" alt=\"\" srcset=\"https:\/\/sportinfinance.com\/fr\/wp-content\/uploads\/2021\/10\/Creation-1.png 300w, https:\/\/sportinfinance.com\/fr\/wp-content\/uploads\/2021\/10\/Creation-1-150x150.png 150w\" sizes=\"(max-width: 300px) 100vw, 300px\" \/>\t\t\t\t\t\t\t\t\t\t\t\t\t\t<\/div>\n\t\t\t\t\t\t<\/div>\n\t\t\t\t<\/div>\n\t\t\t\t\t\t<\/div>\n\t\t\t\t\t<\/div>\n\t\t<\/div>\n\t\t\t\t\t\t\t\t<\/div>\n\t\t\t\t\t<\/div>\n\t\t<\/section>\n\t\t\t\t<section class=\"elementor-section elementor-top-section elementor-element elementor-element-0b0cb6f elementor-section-boxed elementor-section-height-default elementor-section-height-default\" data-id=\"0b0cb6f\" data-element_type=\"section\">\n\t\t\t\t\t\t<div class=\"elementor-container elementor-column-gap-default\">\n\t\t\t\t\t\t\t<div class=\"elementor-row\">\n\t\t\t\t\t<div class=\"elementor-column elementor-col-100 elementor-top-column elementor-element elementor-element-723177c\" data-id=\"723177c\" data-element_type=\"column\">\n\t\t\t<div class=\"elementor-column-wrap elementor-element-populated\">\n\t\t\t\t\t\t\t<div class=\"elementor-widget-wrap\">\n\t\t\t\t\t\t<div class=\"elementor-element elementor-element-44a50e7 elementor-widget elementor-widget-text-editor\" data-id=\"44a50e7\" data-element_type=\"widget\" data-widget_type=\"text-editor.default\">\n\t\t\t\t<div class=\"elementor-widget-container\">\n\t\t\t\t\t\t\t\t<div class=\"elementor-text-editor elementor-clearfix\">\n\t\t\t\t<p style=\"margin-bottom: 0cm;\" align=\"JUSTIFY\"><span style=\"font-family: 'Segoe UI', serif;\">Seulement voil\u00e0, parfois il est souvent difficile d\u2019en cr\u00e9er une d&rsquo;avoir l&rsquo;ensemble des acteurs de votre cr\u00e9ation \u00e0 votre disposition. La cr\u00e9ation n\u00e9cessite des d\u00e9marches parfois hors de port\u00e9e du commun des mortels.<\/span><\/p><p style=\"margin-bottom: 0cm;\" align=\"JUSTIFY\"><span style=\"font-family: 'Segoe UI', serif;\">\u00a0<\/span><\/p><p style=\"margin-bottom: 0cm;\" align=\"JUSTIFY\"><span style=\"font-family: 'Segoe UI', serif;\">\u00c0 titre d\u2019exemple, quel pourcentage de la population sait comment r\u00e9diger des statuts\u00a0? Combien de personnes ont id\u00e9e de la marche \u00e0 suivre pour publier des annonces l\u00e9gales\u00a0? Ou alors, quelle est la fraction de la population connaissant le montant r\u00e9el des frais de greffe\u00a0?<\/span><\/p><p style=\"margin-bottom: 0cm;\" align=\"JUSTIFY\"><span style=\"font-family: 'Segoe UI', serif;\">\u00a0<\/span><\/p><p style=\"margin-bottom: 0cm;\" align=\"JUSTIFY\"><span style=\"font-family: 'Segoe UI', serif;\">C\u2019est pour toutes ces raisons que Sport in Finance vous accompagne lors de la cr\u00e9ation.<\/span><\/p><p style=\"margin-bottom: 0cm;\" align=\"JUSTIFY\"><span style=\"font-family: 'Segoe UI', serif;\">\u00a0<\/span><\/p><p style=\"margin-bottom: 0cm;\" align=\"JUSTIFY\"><span style=\"font-family: 'Segoe UI', serif;\">Une fois votre dossier entre nos mains, vous n\u2019aurez plus rien \u00e0 faire. Apr\u00e8s validation des documents administratifs, vous recevrez votre Kbis dans un d\u00e9lai de 72 h. Nos services incluent\u00a0: Possibilit\u00e9 de d\u00e9poser votre Capital par carte bancaire !<\/span><\/p><p style=\"margin-bottom: 0cm;\" align=\"JUSTIFY\"><span style=\"font-family: 'Segoe UI', serif;\">\u00a0<\/span><\/p><ul><li><p style=\"margin-bottom: 0cm;\" align=\"JUSTIFY\"><span style=\"font-family: 'Segoe UI', serif;\">la r\u00e9daction des statuts\u00a0;<\/span><\/p><\/li><li><p style=\"margin-bottom: 0cm;\" align=\"JUSTIFY\"><span style=\"font-family: 'Segoe UI', serif;\">l\u2019assistance Visio-conf\u00e9rence\u00a0<\/span><\/p><\/li><li><p style=\"margin-bottom: 0cm;\" align=\"JUSTIFY\"><span style=\"font-family: 'Segoe UI', serif;\">le suivi du dossier\u00a0<\/span><\/p><\/li><li><p style=\"margin-bottom: 0cm;\" align=\"JUSTIFY\"><span style=\"font-family: 'Segoe UI', serif;\">la publication de l\u2019annonce l\u00e9gale\u00a0;<\/span><\/p><\/li><li><p style=\"margin-bottom: 0cm;\" align=\"JUSTIFY\"><span style=\"font-family: 'Segoe UI', serif;\">le r\u00e8glement des frais de greffe\u00a0;<\/span><\/p><\/li><li><p style=\"margin-bottom: 0cm;\" align=\"JUSTIFY\"><span style=\"font-family: 'Segoe UI', serif;\">l\u2019immatriculation au Registre du Commerce et des Soci\u00e9t\u00e9s (RCS)\u00a0;<\/span><\/p><\/li><li><p style=\"margin-bottom: 0cm;\" align=\"JUSTIFY\"><span style=\"font-family: 'Segoe UI', serif;\">l\u2019enregistrement des b\u00e9n\u00e9ficiaires\u00a0;<\/span><\/p><\/li><li><p style=\"margin-bottom: 0cm;\" align=\"JUSTIFY\"><span style=\"font-family: 'Segoe UI', serif;\">la livraison du Kbis en 72 h seulement.<\/span><\/p><\/li><\/ul><p style=\"margin-bottom: 0cm;\" align=\"JUSTIFY\"><span style=\"font-family: 'Segoe UI', serif;\">99 % de nos clients ressortent de nos locaux avec le sourire. Qu\u2019attendez-vous pour les rejoindre\u00a0? enregistrez-vous imm\u00e9diatement et cr\u00e9ez votre soci\u00e9t\u00e9 en 72 h chrono \u00e0 condition d&rsquo;avoir vos les pi\u00e8ces !<\/span><\/p>\t\t\t\t\t<\/div>\n\t\t\t\t\t\t<\/div>\n\t\t\t\t<\/div>\n\t\t\t\t\t\t<\/div>\n\t\t\t\t\t<\/div>\n\t\t<\/div>\n\t\t\t\t\t\t\t\t<\/div>\n\t\t\t\t\t<\/div>\n\t\t<\/section>\n\t\t\t\t<section class=\"elementor-section elementor-top-section elementor-element elementor-element-8fc7513 elementor-section-boxed elementor-section-height-default elementor-section-height-default\" data-id=\"8fc7513\" data-element_type=\"section\">\n\t\t\t\t\t\t<div class=\"elementor-container elementor-column-gap-default\">\n\t\t\t\t\t\t\t<div class=\"elementor-row\">\n\t\t\t\t\t<div class=\"elementor-column elementor-col-100 elementor-top-column elementor-element elementor-element-6cbaf42\" data-id=\"6cbaf42\" data-element_type=\"column\">\n\t\t\t<div class=\"elementor-column-wrap\">\n\t\t\t\t\t\t\t<div class=\"elementor-widget-wrap\">\n\t\t\t\t\t\t\t\t<\/div>\n\t\t\t\t\t<\/div>\n\t\t<\/div>\n\t\t\t\t\t\t\t\t<\/div>\n\t\t\t\t\t<\/div>\n\t\t<\/section>\n\t\t\t\t<section class=\"elementor-section elementor-top-section elementor-element elementor-element-48f3d36 elementor-section-boxed elementor-section-height-default elementor-section-height-default\" data-id=\"48f3d36\" data-element_type=\"section\">\n\t\t\t\t\t\t<div class=\"elementor-container elementor-column-gap-default\">\n\t\t\t\t\t\t\t<div class=\"elementor-row\">\n\t\t\t\t\t<div class=\"elementor-column elementor-col-100 elementor-top-column elementor-element elementor-element-39a94aa\" data-id=\"39a94aa\" data-element_type=\"column\">\n\t\t\t<div class=\"elementor-column-wrap elementor-element-populated\">\n\t\t\t\t\t\t\t<div class=\"elementor-widget-wrap\">\n\t\t\t\t\t\t<div class=\"elementor-element elementor-element-94eee9c elementor-widget elementor-widget-html\" data-id=\"94eee9c\" data-element_type=\"widget\" data-widget_type=\"html.default\">\n\t\t\t\t<div class=\"elementor-widget-container\">\n\t\t\t<iframe loading=\"lazy\" src=\"https:\/\/mondossier.sportinfinance.com\/cp\/10545638-Vbz7ipA0ZbYQfHpgH3c72Q8NHPPMuV?embedded=1\" frameborder=\"0\" height=\"800\" width=\"100%\"><\/iframe>\r\n\t\t<\/div>\n\t\t\t\t<\/div>\n\t\t\t\t\t\t<\/div>\n\t\t\t\t\t<\/div>\n\t\t<\/div>\n\t\t\t\t\t\t\t\t<\/div>\n\t\t\t\t\t<\/div>\n\t\t<\/section>\n\t\t\t\t\t\t\t\t\t<\/div>\n\t\t\t<\/div>\n\t\t\t\t\t<\/div>\n\t\t","protected":false},"excerpt":{"rendered":"<p>Extr\u00eamement flexible, quelque soit la forme juridique de votre soci\u00e9t\u00e9 (SAS, SARL, SA, SCOP, SA \u00e9conomie mixte&#8230;)&nbsp; Nous vous accompagnons jusqu&rsquo;\u00e0 l&rsquo;obtention de votre Kbis. La classification de votre activit\u00e9&nbsp;va&hellip; <\/p>\n","protected":false},"author":1,"featured_media":0,"parent":0,"menu_order":0,"comment_status":"closed","ping_status":"closed","template":"","meta":{"om_disable_all_campaigns":false,"_monsterinsights_skip_tracking":false,"_monsterinsights_sitenote_active":false,"_monsterinsights_sitenote_note":"","_monsterinsights_sitenote_category":0,"footnotes":""},"class_list":["post-1957","page","type-page","status-publish","hentry"],"aioseo_notices":[],"_links":{"self":[{"href":"https:\/\/sportinfinance.com\/fr\/wp-json\/wp\/v2\/pages\/1957"}],"collection":[{"href":"https:\/\/sportinfinance.com\/fr\/wp-json\/wp\/v2\/pages"}],"about":[{"href":"https:\/\/sportinfinance.com\/fr\/wp-json\/wp\/v2\/types\/page"}],"author":[{"embeddable":true,"href":"https:\/\/sportinfinance.com\/fr\/wp-json\/wp\/v2\/users\/1"}],"replies":[{"embeddable":true,"href":"https:\/\/sportinfinance.com\/fr\/wp-json\/wp\/v2\/comments?post=1957"}],"version-history":[{"count":12,"href":"https:\/\/sportinfinance.com\/fr\/wp-json\/wp\/v2\/pages\/1957\/revisions"}],"predecessor-version":[{"id":10631,"href":"https:\/\/sportinfinance.com\/fr\/wp-json\/wp\/v2\/pages\/1957\/revisions\/10631"}],"wp:attachment":[{"href":"https:\/\/sportinfinance.com\/fr\/wp-json\/wp\/v2\/media?parent=1957"}],"curies":[{"name":"wp","href":"https:\/\/api.w.org\/{rel}","templated":true}]}}