{"id":14265,"date":"2025-07-13T05:47:37","date_gmt":"2025-07-13T11:47:37","guid":{"rendered":"https:\/\/sportinfinance.com\/fr\/?page_id=14265"},"modified":"2025-07-13T05:47:44","modified_gmt":"2025-07-13T11:47:44","slug":"guide-dinscription-a-mon-dossier-sportinfinance","status":"publish","type":"page","link":"https:\/\/sportinfinance.com\/fr\/guide-dinscription-a-mon-dossier-sportinfinance\/","title":{"rendered":"Guide d&rsquo;inscription \u00e0\u00a0Mon dossier sportinfinance"},"content":{"rendered":"\t\t<div data-elementor-type=\"wp-page\" data-elementor-id=\"14265\" class=\"elementor elementor-14265\">\n\t\t\t\t\t\t<div class=\"elementor-inner\">\n\t\t\t\t<div class=\"elementor-section-wrap\">\n\t\t\t\t\t\t\t\t\t<section class=\"elementor-section elementor-top-section elementor-element elementor-element-662d3cf elementor-section-boxed elementor-section-height-default elementor-section-height-default\" data-id=\"662d3cf\" data-element_type=\"section\">\n\t\t\t\t\t\t<div class=\"elementor-container elementor-column-gap-default\">\n\t\t\t\t\t\t\t<div class=\"elementor-row\">\n\t\t\t\t\t<div class=\"elementor-column elementor-col-100 elementor-top-column elementor-element elementor-element-65d0750\" data-id=\"65d0750\" data-element_type=\"column\">\n\t\t\t<div class=\"elementor-column-wrap elementor-element-populated\">\n\t\t\t\t\t\t\t<div class=\"elementor-widget-wrap\">\n\t\t\t\t\t\t<div class=\"elementor-element elementor-element-075795e elementor-widget elementor-widget-html\" data-id=\"075795e\" data-element_type=\"widget\" data-widget_type=\"html.default\">\n\t\t\t\t<div class=\"elementor-widget-container\">\n\t\t\t<!DOCTYPE html>\r\n<html lang=\"fr\">\r\n<head>\r\n    <meta charset=\"UTF-8\">\r\n    <meta name=\"viewport\" content=\"width=device-width, initial-scale=1.0\">\r\n    <title>Guide d'inscription - Mon Dossier Sportinfinance<\/title>\r\n    <script src=\"https:\/\/cdn.tailwindcss.com\"><\/script>\r\n    <link rel=\"stylesheet\" href=\"https:\/\/cdnjs.cloudflare.com\/ajax\/libs\/font-awesome\/6.4.0\/css\/all.min.css\">\r\n    <style>\r\n        .step-card {\r\n            transition: all 0.3s ease;\r\n        }\r\n        .step-card:hover {\r\n            transform: translateY(-5px);\r\n            box-shadow: 0 10px 25px rgba(0, 0, 0, 0.1);\r\n        }\r\n        .highlight-text {\r\n            background: linear-gradient(90deg, #3b82f6, #8b5cf6);\r\n            -webkit-background-clip: text;\r\n            background-clip: text;\r\n            color: transparent;\r\n            font-weight: 600;\r\n        }\r\n        .video-container {\r\n            position: relative;\r\n            padding-bottom: 56.25%;\r\n            height: 0;\r\n            overflow: hidden;\r\n        }\r\n        .video-container iframe {\r\n            position: absolute;\r\n            top: 0;\r\n            left: 0;\r\n            width: 100%;\r\n            height: 100%;\r\n        }\r\n        .btn-animate {\r\n            transition: all 0.3s;\r\n        }\r\n        .btn-animate:hover {\r\n            transform: scale(1.05);\r\n        }\r\n        .progress-bar {\r\n            height: 6px;\r\n            border-radius: 3px;\r\n            background-color: #e5e7eb;\r\n        }\r\n        .progress-fill {\r\n            height: 100%;\r\n            border-radius: 3px;\r\n            background: linear-gradient(90deg, #3b82f6, #8b5cf6);\r\n            transition: width 0.5s ease;\r\n        }\r\n        @keyframes pulse {\r\n            0%, 100% {\r\n                opacity: 1;\r\n            }\r\n            50% {\r\n                opacity: 0.5;\r\n            }\r\n        }\r\n        .animate-pulse {\r\n            animation: pulse 2s infinite;\r\n        }\r\n    <\/style>\r\n<\/head>\r\n<body class=\"bg-gray-50 font-sans\">\r\n    <div class=\"container mx-auto px-4 py-8 max-w-4xl\">\r\n        <!-- Header Section -->\r\n        <div class=\"text-center mb-12\">\r\n            <h1 class=\"text-4xl font-bold text-gray-800 mb-4\">Guide d'inscription \u00e0 <span class=\"highlight-text\">Mon Dossier Sportinfinance<\/span><\/h1>\r\n            <p class=\"text-lg text-gray-600 mb-6\">Suivez ce guide \u00e9tape par \u00e9tape pour cr\u00e9er votre compte et acc\u00e9der \u00e0 toutes les fonctionnalit\u00e9s.<\/p>\r\n            \r\n        <\/div>\r\n\r\n        <!-- Video Section -->\r\n        <div class=\"mb-8 rounded-lg overflow-hidden\">\r\n            <iframe loading=\"lazy\" width=\"100%\" height=\"400px\" \r\n                src=\"https:\/\/embed.app.guidde.com\/playbooks\/dzqUMWGYYBTSWb3K3y7Cii\"\r\n                title=\"Comment s'inscrire \u00e0 Mon Dossier Sportinfinance\"\r\n                frameborder=\"0\"\r\n                referrerpolicy=\"unsafe-url\"\r\n                allowfullscreen=\"true\"\r\n                allow=\"clipboard-write\"\r\n                sandbox=\"allow-popups allow-popups-to-escape-sandbox allow-scripts allow-forms allow-same-origin allow-presentation\" \r\n                style=\"border-radius: 10px\">\r\n            <\/iframe>\r\n            <div style=\"display: none\">\r\n                <p>00:00: This guide will walk you through the process of signing up for mon dossier Sport and<\/p>\r\n                <p>00:04: finance. From entering personal details to completing the registration.<\/p>\r\n                <p>00:07: Follow the engaging instructions below.<\/p>\r\n                <p>00:12: Navigate to Creation at subvention section.<\/p>\r\n                <p>00:16: Select pranam field.<\/p>\r\n                <p>00:18: Navigate to the mod de passe section.<\/p>\r\n                <p>00:21: Select the remple formulaire option.<\/p>\r\n            <\/div>\r\n        <\/div>\r\n\r\n        <!-- Steps Section -->\r\n        <div class=\"space-y-8\">\r\n            <!-- Step 0 - Introduction -->\r\n            <div class=\"step-card bg-white rounded-xl shadow-md overflow-hidden p-6 border-l-4 border-blue-500\">\r\n                <div class=\"flex items-start\">\r\n                    <div class=\"flex-shrink-0 bg-blue-100 rounded-full p-3 mr-4\">\r\n                        <i class=\"fas fa-info-circle text-blue-600 text-xl\"><\/i>\r\n                    <\/div>\r\n                    <div>\r\n                        <h3 class=\"text-xl font-semibold text-gray-800 mb-2\">Avant de commencer<\/h3>\r\n                        <p class=\"text-gray-600 mb-4\">Rendez-vous sur <a href=\"https:\/\/sportinfinance.com\" class=\"text-blue-600 hover:underline font-medium\">sportinfinance.com<\/a> avant de suivre les \u00e9tapes ci-dessous.<\/p>\r\n                        <div class=\"mt-2 grid grid-cols-1 md:grid-cols-2 gap-4\">\r\n                            <div class=\"bg-blue-50 p-3 rounded-lg\">\r\n                                <p class=\"text-sm text-blue-800\"><i class=\"fas fa-check-circle mr-2\"><\/i> Pr\u00e9parez votre pi\u00e8ce d'identit\u00e9<\/p>\r\n                            <\/div>\r\n                            <div class=\"bg-blue-50 p-3 rounded-lg\">\r\n                                <p class=\"text-sm text-blue-800\"><i class=\"fas fa-check-circle mr-2\"><\/i> Ayez votre adresse email \u00e0 port\u00e9e de main<\/p>\r\n                            <\/div>\r\n                        <\/div>\r\n                    <\/div>\r\n                <\/div>\r\n            <\/div>\r\n\r\n            <!-- Step 1 -->\r\n            <div id=\"step1\" class=\"step-card bg-white rounded-xl shadow-md overflow-hidden p-6 border-l-4 border-blue-300\">\r\n                <div class=\"flex items-start\">\r\n                    <div class=\"flex-shrink-0 bg-gray-100 rounded-full p-3 mr-4\">\r\n                        <span class=\"text-gray-600 font-bold\">1<\/span>\r\n                    <\/div>\r\n                    <div>\r\n                        <h3 class=\"text-xl font-semibold text-gray-800 mb-2\">Cliquez sur \"Cr\u00e9ation et subventions\"<\/h3>\r\n                        <p class=\"text-gray-600 mb-4\">Naviguez jusqu'\u00e0 la section \"Cr\u00e9ation et subventions\" sur la page d'accueil.<\/p>\r\n                        <button class=\"btn-animate bg-blue-500 hover:bg-blue-600 text-white font-medium py-2 px-4 rounded inline-flex items-center\">\r\n                            <i class=\"fas fa-hand-pointer mr-2\"><\/i> Click \"Cr\u00e9ation et subventions\"\r\n                        <\/button>\r\n                        <div class=\"mt-4 bg-gray-50 p-4 rounded-lg\">\r\n                            <div class=\"flex items-center\">\r\n                                <i class=\"fas fa-info-circle text-blue-500 mr-2\"><\/i>\r\n                                <p class=\"text-sm text-gray-600\">Vous trouverez cette section dans le menu principal ou sur la page d'accueil.<\/p>\r\n                            <\/div>\r\n                        <\/div>\r\n                    <\/div>\r\n                <\/div>\r\n            <\/div>\r\n\r\n            <!-- Step 2 -->\r\n            <div id=\"step2\" class=\"step-card bg-white rounded-xl shadow-md overflow-hidden p-6 border-l-4 border-blue-300\">\r\n                <div class=\"flex items-start\">\r\n                    <div class=\"flex-shrink-0 bg-gray-100 rounded-full p-3 mr-4\">\r\n                        <span class=\"text-gray-600 font-bold\">2<\/span>\r\n                    <\/div>\r\n                    <div>\r\n                        <h3 class=\"text-xl font-semibold text-gray-800 mb-2\">Renseignez vos informations<\/h3>\r\n                        <p class=\"text-gray-600 mb-4\">Compl\u00e9tez tous les champs n\u00e9cessaires avec vos informations personnelles exactes.<\/p>\r\n                        <div class=\"grid grid-cols-1 md:grid-cols-3 gap-4 mb-4\">\r\n                            <div class=\"border rounded-lg p-3\">\r\n                                <p class=\"text-sm font-medium text-gray-700 mb-1\">Nom complet<\/p>\r\n                                <div class=\"h-2 bg-gray-200 rounded-full\"><\/div>\r\n                            <\/div>\r\n                            <div class=\"border rounded-lg p-3\">\r\n                                <p class=\"text-sm font-medium text-gray-700 mb-1\">Adresse email<\/p>\r\n                                <div class=\"h-2 bg-gray-200 rounded-full\"><\/div>\r\n                            <\/div>\r\n                            <div class=\"border rounded-lg p-3\">\r\n                                <p class=\"text-sm font-medium text-gray-700 mb-1\">Num\u00e9ro de t\u00e9l\u00e9phone<\/p>\r\n                                <div class=\"h-2 bg-gray-200 rounded-full\"><\/div>\r\n                            <\/div>\r\n                        <\/div>\r\n                        <div class=\"mt-4 bg-yellow-50 p-4 rounded-lg\">\r\n                            <div class=\"flex items-center\">\r\n                                <i class=\"fas fa-exclamation-circle text-yellow-500 mr-2\"><\/i>\r\n                                <p class=\"text-sm text-yellow-800\">Assurez-vous que toutes les informations fournies sont correctes pour \u00e9viter tout retard dans le traitement de votre dossier.<\/p>\r\n                            <\/div>\r\n                        <\/div>\r\n                    <\/div>\r\n                <\/div>\r\n            <\/div>\r\n\r\n            <!-- Step 3 -->\r\n            <div id=\"step3\" class=\"step-card bg-white rounded-xl shadow-md overflow-hidden p-6 border-l-4 border-blue-300\">\r\n                <div class=\"flex items-start\">\r\n                    <div class=\"flex-shrink-0 bg-gray-100 rounded-full p-3 mr-4\">\r\n                        <span class=\"text-gray-600 font-bold\">3<\/span>\r\n                    <\/div>\r\n                    <div>\r\n                        <h3 class=\"text-xl font-semibold text-gray-800 mb-2\">Cliquez sur \"Mot de passe\"<\/h3>\r\n                        <p class=\"text-gray-600 mb-4\">Acc\u00e9dez \u00e0 la section \"Mot de passe\" pour d\u00e9finir vos identifiants de connexion.<\/p>\r\n                        <button class=\"btn-animate bg-blue-500 hover:bg-blue-600 text-white font-medium py-2 px-4 rounded inline-flex items-center\">\r\n                            <i class=\"fas fa-key mr-2\"><\/i> Click \"Mot de passe\"\r\n                        <\/button>\r\n                        <div class=\"mt-4\">\r\n                            <p class=\"text-sm font-medium text-gray-700 mb-2\">Conseils pour un mot de passe solide:<\/p>\r\n                            <ul class=\"grid grid-cols-1 md:grid-cols-2 gap-2 text-sm text-gray-600\">\r\n                                <li class=\"flex items-center\"><i class=\"fas fa-check-circle text-green-500 mr-2\"><\/i> Minimum 8 caract\u00e8res<\/li>\r\n                                <li class=\"flex items-center\"><i class=\"fas fa-check-circle text-green-500 mr-2\"><\/i> Lettres majuscules et minuscules<\/li>\r\n                                <li class=\"flex items-center\"><i class=\"fas fa-check-circle text-green-500 mr-2\"><\/i> Chiffres et caract\u00e8res sp\u00e9ciaux<\/li>\r\n                                <li class=\"flex items-center\"><i class=\"fas fa-check-circle text-green-500 mr-2\"><\/i> Pas d'informations personnelles<\/li>\r\n                            <\/ul>\r\n                        <\/div>\r\n                    <\/div>\r\n                <\/div>\r\n            <\/div>\r\n\r\n            <!-- Step 4 -->\r\n            <div id=\"step4\" class=\"step-card bg-white rounded-xl shadow-md overflow-hidden p-6 border-l-4 border-blue-300\">\r\n                <div class=\"flex items-start\">\r\n                    <div class=\"flex-shrink-0 bg-gray-100 rounded-full p-3 mr-4\">\r\n                        <span class=\"text-gray-600 font-bold\">4<\/span>\r\n                    <\/div>\r\n                    <div>\r\n                        <h3 class=\"text-xl font-semibold text-gray-800 mb-2\">Cliquez sur \"Remplir le formulaire\"<\/h3>\r\n                        <p class=\"text-gray-600 mb-4\">S\u00e9lectionnez l'option \"Remplir le formulaire\" pour continuer le processus d'inscription.<\/p>\r\n                        <button class=\"btn-animate bg-blue-500 hover:bg-blue-600 text-white font-medium py-2 px-4 rounded inline-flex items-center mb-4\">\r\n                            <i class=\"fas fa-clipboard-list mr-2\"><\/i> Click \"Remplir le formulaire\"\r\n                        <\/button>\r\n                        <div class=\"bg-green-50 p-4 rounded-lg animate-pulse\">\r\n                            <div class=\"flex items-center\">\r\n                                <i class=\"fas fa-clock text-green-500 mr-2\"><\/i>\r\n                                <p class=\"text-sm text-green-800\">Cette \u00e9tape prend g\u00e9n\u00e9ralement environ 5 minutes.<\/p>\r\n                            <\/div>\r\n                        <\/div>\r\n                    <\/div>\r\n                <\/div>\r\n            <\/div>\r\n\r\n            <!-- Completion Section -->\r\n            <div class=\"step-card bg-white rounded-xl shadow-md overflow-hidden p-8 text-center border-l-4 border-green-500\">\r\n                <div class=\"flex justify-center mb-6\">\r\n                    <div class=\"bg-green-100 rounded-full p-4\">\r\n                        <i class=\"fas fa-check-circle text-green-500 text-4xl\"><\/i>\r\n                    <\/div>\r\n                <\/div>\r\n                <h2 class=\"text-2xl font-bold text-gray-800 mb-4\">F\u00e9licitations !<\/h2>\r\n                <p class=\"text-gray-600 mb-6\">Vous avez compl\u00e9t\u00e9 toutes les \u00e9tapes pour vous inscrire \u00e0 Mon Dossier Sportinfinance. Votre compte sera activ\u00e9 sous peu.<\/p>\r\n                <div class=\"flex flex-col md:flex-row justify-center gap-4\">\r\n                    <a href=\"https:\/\/sportinfinance.com\/fr\/\" target=\"_blank\" class=\"btn-animate bg-blue-600 hover:bg-blue-700 text-white font-semibold py-3 px-6 rounded-lg inline-flex items-center justify-center\">\r\n                        <i class=\"fas fa-globe mr-2\"><\/i> Voir notre site\r\n                    <\/a>\r\n                    <a href=\"https:\/\/calendly.com\/sportinfinance\/rdv\" target=\"_blank\" class=\"btn-animate bg-purple-600 hover:bg-purple-700 text-white font-semibold py-3 px-6 rounded-lg inline-flex items-center justify-center\">\r\n                        <i class=\"fas fa-calendar-check mr-2\"><\/i> RDV avec un expert\r\n                    <\/a>\r\n                <\/div>\r\n            <\/div>\r\n        <\/div>\r\n\r\n        <!-- Footer -->\r\n        <div class=\"mt-12 text-center text-gray-500 text-sm\">\r\n            <p>\u00a9 2023 Mon Dossier Sportinfinance. Tous droits r\u00e9serv\u00e9s.<\/p>\r\n            <p class=\"mt-2\">Consultez nos <a href=\"#\" class=\"text-blue-600 hover:underline\">Conditions d'utilisation<\/a> et <a href=\"#\" class=\"text-blue-600 hover:underline\">Politique de confidentialit\u00e9<\/a>.<\/p>\r\n        <\/div>\r\n    <\/div>\r\n\r\n    <script>\r\n        \/\/ Watch button functionality\r\n        document.getElementById('watchBtn').addEventListener('click', function() {\r\n            const videoPlayer = document.getElementById('videoPlayer');\r\n            videoPlayer.classList.toggle('hidden');\r\n            \r\n            if (!videoPlayer.classList.contains('hidden')) {\r\n                this.innerHTML = '<i class=\"fas fa-eye-slash mr-2\"><\/i> Masquer la vid\u00e9o';\r\n                updateProgress(10); \/\/ Give 10% progress for watching video\r\n            } else {\r\n                this.innerHTML = '<i class=\"fas fa-play-circle mr-2\"><\/i> Regarder le guide rapide';\r\n            }\r\n        });\r\n\r\n        \/\/ Progress tracking\r\n        let progress = 0;\r\n        \r\n        function updateProgress(addValue) {\r\n            progress = Math.min(progress + addValue, 100);\r\n            document.getElementById('progressFill').style.width = progress + '%';\r\n            document.getElementById('progressText').textContent = progress;\r\n            \r\n            \/\/ Change color based on progress\r\n            const progressFill = document.getElementById('progressFill');\r\n            if (progress < 30) {\r\n                progressFill.style.background = 'linear-gradient(90deg, #3b82f6, #8b5cf6)';\r\n            } else if (progress < 70) {\r\n                progressFill.style.background = 'linear-gradient(90deg, #8b5cf6, #ec4899)';\r\n            } else {\r\n                progressFill.style.background = 'linear-gradient(90deg, #10b981, #3b82f6)';\r\n            }\r\n        }\r\n\r\n        \/\/ Add event listeners to steps for tracking progress\r\n        const steps = document.querySelectorAll('.step-card');\r\n        steps.forEach((step, index) => {\r\n            step.addEventListener('click', () => {\r\n                const stepProgress = Math.floor(90 \/ steps.length); \/\/ Distribute 90% among steps\r\n                updateProgress(stepProgress);\r\n                \r\n                \/\/ Add visual feedback\r\n                step.classList.add('ring-2', 'ring-blue-400');\r\n                setTimeout(() => {\r\n                    step.classList.remove('ring-2', 'ring-blue-400');\r\n                }, 500);\r\n            });\r\n        });\r\n\r\n        \/\/ Auto-scroll to steps as they become active (simulated)\r\n        function simulateGuide() {\r\n            let currentStep = 0;\r\n            const interval = setInterval(() => {\r\n                if (currentStep < steps.length) {\r\n                    steps[currentStep].scrollIntoView({ behavior: 'smooth', block: 'center' });\r\n                    steps[currentStep].classList.add('ring-2', 'ring-blue-400');\r\n                    setTimeout(() => {\r\n                        steps[currentStep].classList.remove('ring-2', 'ring-blue-400');\r\n                    }, 1000);\r\n                    updateProgress(Math.floor(90 \/ steps.length));\r\n                    currentStep++;\r\n                } else {\r\n                    clearInterval(interval);\r\n                }\r\n            }, 3000);\r\n        }\r\n\r\n        \/\/ Initiate the guide simulation (optional)\r\n        \/\/ setTimeout(simulateGuide, 5000);\r\n    <\/script>\r\n<\/body>\r\n<\/html>\t\t<\/div>\n\t\t\t\t<\/div>\n\t\t\t\t\t\t<\/div>\n\t\t\t\t\t<\/div>\n\t\t<\/div>\n\t\t\t\t\t\t\t\t<\/div>\n\t\t\t\t\t<\/div>\n\t\t<\/section>\n\t\t\t\t\t\t\t\t\t<\/div>\n\t\t\t<\/div>\n\t\t\t\t\t<\/div>\n\t\t","protected":false},"excerpt":{"rendered":"<p>Guide d&rsquo;inscription &#8211; Mon Dossier Sportinfinance Guide d&rsquo;inscription \u00e0 Mon Dossier Sportinfinance Suivez ce guide \u00e9tape par \u00e9tape pour cr\u00e9er votre compte et acc\u00e9der \u00e0 toutes les fonctionnalit\u00e9s. 00:00: This&hellip; <\/p>\n","protected":false},"author":1,"featured_media":0,"parent":0,"menu_order":0,"comment_status":"closed","ping_status":"closed","template":"elementor_canvas","meta":{"om_disable_all_campaigns":false,"_monsterinsights_skip_tracking":false,"_monsterinsights_sitenote_active":false,"_monsterinsights_sitenote_note":"","_monsterinsights_sitenote_category":0,"footnotes":""},"class_list":["post-14265","page","type-page","status-publish","hentry"],"aioseo_notices":[],"_links":{"self":[{"href":"https:\/\/sportinfinance.com\/fr\/wp-json\/wp\/v2\/pages\/14265"}],"collection":[{"href":"https:\/\/sportinfinance.com\/fr\/wp-json\/wp\/v2\/pages"}],"about":[{"href":"https:\/\/sportinfinance.com\/fr\/wp-json\/wp\/v2\/types\/page"}],"author":[{"embeddable":true,"href":"https:\/\/sportinfinance.com\/fr\/wp-json\/wp\/v2\/users\/1"}],"replies":[{"embeddable":true,"href":"https:\/\/sportinfinance.com\/fr\/wp-json\/wp\/v2\/comments?post=14265"}],"version-history":[{"count":4,"href":"https:\/\/sportinfinance.com\/fr\/wp-json\/wp\/v2\/pages\/14265\/revisions"}],"predecessor-version":[{"id":14269,"href":"https:\/\/sportinfinance.com\/fr\/wp-json\/wp\/v2\/pages\/14265\/revisions\/14269"}],"wp:attachment":[{"href":"https:\/\/sportinfinance.com\/fr\/wp-json\/wp\/v2\/media?parent=14265"}],"curies":[{"name":"wp","href":"https:\/\/api.w.org\/{rel}","templated":true}]}}