{"id":13997,"date":"2025-06-07T20:35:40","date_gmt":"2025-06-08T02:35:40","guid":{"rendered":"https:\/\/sportinfinance.com\/fr\/?page_id=13997"},"modified":"2025-07-10T16:45:11","modified_gmt":"2025-07-10T22:45:11","slug":"trouvez-votre-ikigai-grace-a-votre-profil-mbti","status":"publish","type":"page","link":"https:\/\/sportinfinance.com\/fr\/trouvez-votre-ikigai-grace-a-votre-profil-mbti\/","title":{"rendered":"Trouvez votre Ikiga\u00ef gr\u00e2ce \u00e0 votre profil MBTI"},"content":{"rendered":"\t\t<div data-elementor-type=\"wp-page\" data-elementor-id=\"13997\" class=\"elementor elementor-13997\">\n\t\t\t\t\t\t<div class=\"elementor-inner\">\n\t\t\t\t<div class=\"elementor-section-wrap\">\n\t\t\t\t\t\t\t\t\t<section class=\"elementor-section elementor-top-section elementor-element elementor-element-7c99171 elementor-section-boxed elementor-section-height-default elementor-section-height-default\" data-id=\"7c99171\" data-element_type=\"section\">\n\t\t\t\t\t\t<div class=\"elementor-container elementor-column-gap-default\">\n\t\t\t\t\t\t\t<div class=\"elementor-row\">\n\t\t\t\t\t<div class=\"elementor-column elementor-col-100 elementor-top-column elementor-element elementor-element-c576774\" data-id=\"c576774\" data-element_type=\"column\">\n\t\t\t<div class=\"elementor-column-wrap elementor-element-populated\">\n\t\t\t\t\t\t\t<div class=\"elementor-widget-wrap\">\n\t\t\t\t\t\t<div class=\"elementor-element elementor-element-163529a elementor-widget elementor-widget-html\" data-id=\"163529a\" data-element_type=\"widget\" data-widget_type=\"html.default\">\n\t\t\t\t<div class=\"elementor-widget-container\">\n\t\t\t<div style=\"position: relative; width: 100%; height: 0; padding-top: 56.2225%;\r\n padding-bottom: 0; box-shadow: 0 2px 8px 0 rgba(63,69,81,0.16); margin-top: 1.6em; margin-bottom: 0.9em; overflow: hidden;\r\n border-radius: 8px; will-change: transform;\">\r\n  <iframe loading=\"lazy\" style=\"position: absolute; width: 100%; height: 100%; top: 0; left: 0; border: none; padding: 0;margin: 0;\"\r\n    src=\"https:\/\/www.canva.com\/design\/DAGpusVL93g\/f8-5BMC1c9d6T6qAn_FWgg\/view?embed\" allowfullscreen=\"allowfullscreen\" allow=\"fullscreen\">\r\n  <\/iframe>\r\n<\/div>\t\t<\/div>\n\t\t\t\t<\/div>\n\t\t\t\t\t\t<\/div>\n\t\t\t\t\t<\/div>\n\t\t<\/div>\n\t\t\t\t\t\t\t\t<\/div>\n\t\t\t\t\t<\/div>\n\t\t<\/section>\n\t\t\t\t\t\t\t\t\t<\/div>\n\t\t\t<\/div>\n\t\t\t\t\t<\/div>\n\t\t","protected":false},"excerpt":{"rendered":"","protected":false},"author":1,"featured_media":14004,"parent":0,"menu_order":0,"comment_status":"closed","ping_status":"closed","template":"elementor_canvas","meta":{"om_disable_all_campaigns":false,"_monsterinsights_skip_tracking":false,"_monsterinsights_sitenote_active":false,"_monsterinsights_sitenote_note":"","_monsterinsights_sitenote_category":0,"footnotes":""},"class_list":["post-13997","page","type-page","status-publish","has-post-thumbnail","hentry"],"aioseo_notices":[],"_links":{"self":[{"href":"https:\/\/sportinfinance.com\/fr\/wp-json\/wp\/v2\/pages\/13997"}],"collection":[{"href":"https:\/\/sportinfinance.com\/fr\/wp-json\/wp\/v2\/pages"}],"about":[{"href":"https:\/\/sportinfinance.com\/fr\/wp-json\/wp\/v2\/types\/page"}],"author":[{"embeddable":true,"href":"https:\/\/sportinfinance.com\/fr\/wp-json\/wp\/v2\/users\/1"}],"replies":[{"embeddable":true,"href":"https:\/\/sportinfinance.com\/fr\/wp-json\/wp\/v2\/comments?post=13997"}],"version-history":[{"count":15,"href":"https:\/\/sportinfinance.com\/fr\/wp-json\/wp\/v2\/pages\/13997\/revisions"}],"predecessor-version":[{"id":14244,"href":"https:\/\/sportinfinance.com\/fr\/wp-json\/wp\/v2\/pages\/13997\/revisions\/14244"}],"wp:featuredmedia":[{"embeddable":true,"href":"https:\/\/sportinfinance.com\/fr\/wp-json\/wp\/v2\/media\/14004"}],"wp:attachment":[{"href":"https:\/\/sportinfinance.com\/fr\/wp-json\/wp\/v2\/media?parent=13997"}],"curies":[{"name":"wp","href":"https:\/\/api.w.org\/{rel}","templated":true}]}}