{"id":13952,"date":"2025-06-03T11:10:54","date_gmt":"2025-06-03T17:10:54","guid":{"rendered":"https:\/\/sportinfinance.com\/fr\/?page_id=13952"},"modified":"2025-06-03T11:12:52","modified_gmt":"2025-06-03T17:12:52","slug":"strategies-patrimoniales-haut-de-gammes","status":"publish","type":"page","link":"https:\/\/sportinfinance.com\/fr\/strategies-patrimoniales-haut-de-gammes\/","title":{"rendered":"Strat\u00e9gies patrimoniales Haut de Gammes"},"content":{"rendered":"\t\t<div data-elementor-type=\"wp-page\" data-elementor-id=\"13952\" class=\"elementor elementor-13952\">\n\t\t\t\t\t\t<div class=\"elementor-inner\">\n\t\t\t\t<div class=\"elementor-section-wrap\">\n\t\t\t\t\t\t\t\t\t<section class=\"elementor-section elementor-top-section elementor-element elementor-element-e26ce7c elementor-section-boxed elementor-section-height-default elementor-section-height-default\" data-id=\"e26ce7c\" data-element_type=\"section\">\n\t\t\t\t\t\t<div class=\"elementor-container elementor-column-gap-default\">\n\t\t\t\t\t\t\t<div class=\"elementor-row\">\n\t\t\t\t\t<div class=\"elementor-column elementor-col-100 elementor-top-column elementor-element elementor-element-3e7a033\" data-id=\"3e7a033\" data-element_type=\"column\">\n\t\t\t<div class=\"elementor-column-wrap elementor-element-populated\">\n\t\t\t\t\t\t\t<div class=\"elementor-widget-wrap\">\n\t\t\t\t\t\t<div class=\"elementor-element elementor-element-2fa15f7 elementor-widget elementor-widget-html\" data-id=\"2fa15f7\" data-element_type=\"widget\" data-widget_type=\"html.default\">\n\t\t\t\t<div class=\"elementor-widget-container\">\n\t\t\t<!DOCTYPE html>\r\n<html lang=\"fr\">\r\n<head>\r\n  <meta charset=\"UTF-8\">\r\n  <meta name=\"viewport\" content=\"width=device-width, initial-scale=1.0\">\r\n  <title>Strat\u00e9gies Patrimoniales<\/title>\r\n  <style>\r\n    * {\r\n      margin: 0;\r\n      padding: 0;\r\n      box-sizing: border-box;\r\n    }\r\n    \r\n    body {\r\n      font-family: 'Segoe UI', Tahoma, Geneva, Verdana, sans-serif;\r\n      background: linear-gradient(135deg, #667eea 0%, #764ba2 100%);\r\n      min-height: 100vh;\r\n      padding: 20px;\r\n    }\r\n    \r\n    .header {\r\n      text-align: center;\r\n      margin-bottom: 40px;\r\n      animation: fadeInDown 1s ease-out;\r\n    }\r\n    \r\n    .header h1 {\r\n      color: white;\r\n      font-size: 2.5rem;\r\n      margin-bottom: 10px;\r\n      text-shadow: 2px 2px 4px rgba(0,0,0,0.3);\r\n    }\r\n    \r\n    .header p {\r\n      color: rgba(255,255,255,0.9);\r\n      font-size: 1.1rem;\r\n    }\r\n    \r\n    .container {\r\n      display: grid;\r\n      grid-template-columns: repeat(auto-fit, minmax(400px, 1fr));\r\n      gap: 30px;\r\n      max-width: 1200px;\r\n      margin: 0 auto;\r\n    }\r\n    \r\n    .card {\r\n      background: rgba(255, 255, 255, 0.95);\r\n      backdrop-filter: blur(10px);\r\n      border-radius: 20px;\r\n      padding: 30px;\r\n      box-shadow: 0 20px 40px rgba(0,0,0,0.1);\r\n      border: 1px solid rgba(255,255,255,0.2);\r\n      transition: all 0.3s ease;\r\n      animation: fadeInUp 0.8s ease-out;\r\n      position: relative;\r\n      overflow: hidden;\r\n    }\r\n    \r\n    .card::before {\r\n      content: '';\r\n      position: absolute;\r\n      top: 0;\r\n      left: 0;\r\n      right: 0;\r\n      height: 4px;\r\n      background: linear-gradient(90deg, #8224e3, #667eea);\r\n    }\r\n    \r\n    .card:hover {\r\n      transform: translateY(-10px);\r\n      box-shadow: 0 30px 60px rgba(0,0,0,0.15);\r\n    }\r\n    \r\n    .card h3 {\r\n      color: #8224e3;\r\n      font-size: 1.4rem;\r\n      margin-bottom: 15px;\r\n      display: flex;\r\n      align-items: center;\r\n      gap: 10px;\r\n    }\r\n    \r\n    .card p {\r\n      color: #555;\r\n      line-height: 1.6;\r\n      margin-bottom: 20px;\r\n      font-size: 1rem;\r\n    }\r\n    \r\n    .btn {\r\n      background: linear-gradient(135deg, #8224e3, #667eea);\r\n      color: white;\r\n      border: none;\r\n      padding: 12px 25px;\r\n      border-radius: 25px;\r\n      cursor: pointer;\r\n      font-size: 1rem;\r\n      font-weight: 600;\r\n      transition: all 0.3s ease;\r\n      box-shadow: 0 4px 15px rgba(130, 36, 227, 0.3);\r\n      width: 100%;\r\n    }\r\n    \r\n    .btn:hover {\r\n      transform: translateY(-2px);\r\n      box-shadow: 0 8px 25px rgba(130, 36, 227, 0.4);\r\n    }\r\n    \r\n    .btn:active {\r\n      transform: translateY(0);\r\n    }\r\n    \r\n    .question {\r\n      display: none;\r\n      margin-top: 20px;\r\n      padding: 20px;\r\n      background: linear-gradient(135deg, #f8f9ff, #e8eaff);\r\n      border-radius: 15px;\r\n      border-left: 4px solid #8224e3;\r\n      animation: slideDown 0.3s ease-out;\r\n    }\r\n    \r\n    .question.show {\r\n      display: block;\r\n    }\r\n    \r\n    .question strong {\r\n      color: #8224e3;\r\n      font-size: 1.1rem;\r\n      display: block;\r\n      margin-bottom: 15px;\r\n    }\r\n    \r\n    .question ul {\r\n      list-style: none;\r\n      padding: 0;\r\n    }\r\n    \r\n    .question li {\r\n      padding: 10px 15px;\r\n      margin: 8px 0;\r\n      background: white;\r\n      border-radius: 10px;\r\n      border: 2px solid transparent;\r\n      cursor: pointer;\r\n      transition: all 0.3s ease;\r\n      position: relative;\r\n    }\r\n    \r\n    .question li:hover {\r\n      border-color: #8224e3;\r\n      transform: translateX(5px);\r\n    }\r\n    \r\n    .question li.correct {\r\n      background: linear-gradient(135deg, #4CAF50, #45a049);\r\n      color: white;\r\n      border-color: #4CAF50;\r\n    }\r\n    \r\n    .question li.incorrect {\r\n      background: linear-gradient(135deg, #f44336, #d32f2f);\r\n      color: white;\r\n      border-color: #f44336;\r\n    }\r\n    \r\n    .stats {\r\n      position: fixed;\r\n      top: 20px;\r\n      right: 20px;\r\n      background: rgba(255,255,255,0.9);\r\n      backdrop-filter: blur(10px);\r\n      padding: 15px 20px;\r\n      border-radius: 15px;\r\n      box-shadow: 0 10px 30px rgba(0,0,0,0.1);\r\n      font-weight: 600;\r\n      color: #8224e3;\r\n    }\r\n    \r\n    @keyframes fadeInDown {\r\n      from {\r\n        opacity: 0;\r\n        transform: translateY(-30px);\r\n      }\r\n      to {\r\n        opacity: 1;\r\n        transform: translateY(0);\r\n      }\r\n    }\r\n    \r\n    @keyframes fadeInUp {\r\n      from {\r\n        opacity: 0;\r\n        transform: translateY(30px);\r\n      }\r\n      to {\r\n        opacity: 1;\r\n        transform: translateY(0);\r\n      }\r\n    }\r\n    \r\n    @keyframes slideDown {\r\n      from {\r\n        opacity: 0;\r\n        transform: translateY(-10px);\r\n      }\r\n      to {\r\n        opacity: 1;\r\n        transform: translateY(0);\r\n      }\r\n    }\r\n    \r\n    .progress-bar {\r\n      width: 100%;\r\n      height: 6px;\r\n      background: rgba(255,255,255,0.3);\r\n      border-radius: 3px;\r\n      margin-top: 15px;\r\n      overflow: hidden;\r\n    }\r\n    \r\n    .progress-fill {\r\n      height: 100%;\r\n      background: linear-gradient(90deg, #4CAF50, #45a049);\r\n      width: 0%;\r\n      transition: width 0.5s ease;\r\n      border-radius: 3px;\r\n    }\r\n    \r\n    @media (max-width: 768px) {\r\n      .container {\r\n        grid-template-columns: 1fr;\r\n      }\r\n      \r\n      .header h1 {\r\n        font-size: 2rem;\r\n      }\r\n      \r\n      .stats {\r\n        position: static;\r\n        margin: 0 auto 20px;\r\n        text-align: center;\r\n        max-width: 200px;\r\n      }\r\n    }\r\n  <\/style>\r\n<\/head>\r\n<body>\r\n  <div class=\"stats\">\r\n    <div>Score: <span id=\"score\">0<\/span>\/8<\/div>\r\n    <div class=\"progress-bar\">\r\n      <div class=\"progress-fill\" id=\"progress\"><\/div>\r\n    <\/div>\r\n  <\/div>\r\n  \r\n  <div class=\"header\">\r\n    <h1>\ud83c\udfdb\ufe0f Strat\u00e9gies Patrimoniales<\/h1>\r\n    <p>Solutions haut de gamme pour l'optimisation et la protection du patrimoine<\/p>\r\n    <div style=\"margin-top: 15px; font-style: italic; color: rgba(255,255,255,0.8); font-size: 0.9rem;\">\r\n      Note: Ces strat\u00e9gies n\u00e9cessitent un accompagnement juridique et fiscal sp\u00e9cialis\u00e9.\r\n    <\/div>\r\n  <\/div>\r\n  \r\n  <div class=\"container\">\r\n    <div class=\"card\">\r\n      <h3>\ud83c\udfdb\ufe0f Double Structure Holding<\/h3>\r\n      <p>Montage \u00e0 deux niveaux (France + pays favorable) pour optimiser flux et transmission. La holding m\u00e8re contr\u00f4le les filiales op\u00e9rationnelles avec une structure hybride internationale.<\/p>\r\n      <button class=\"btn\" onclick=\"toggleQuestion('q1')\">Tester mes connaissances<\/button>\r\n      <div class=\"question\" id=\"q1\">\r\n        <strong>Question : Quel est l'avantage d'une double structure holding ?<\/strong>\r\n        <ul>\r\n          <li onclick=\"selectAnswer(this, false)\">R\u00e9duire uniquement les frais bancaires<\/li>\r\n          <li onclick=\"selectAnswer(this, true)\">Optimiser flux financiers entre juridictions<\/li>\r\n          <li onclick=\"selectAnswer(this, false)\">\u00c9viter totalement l'imp\u00f4t<\/li>\r\n        <\/ul>\r\n      <\/div>\r\n    <\/div>\r\n    \r\n    <div class=\"card\">\r\n      <h3>\u2696\ufe0f Trust Dynastique<\/h3>\r\n      <p>Trust offshore avec clauses successorales complexes prot\u00e9geant le patrimoine sur plusieurs g\u00e9n\u00e9rations dans des juridictions comme Jersey ou le Delaware.<\/p>\r\n      <button class=\"btn\" onclick=\"toggleQuestion('q2')\">Tester mes connaissances<\/button>\r\n      <div class=\"question\" id=\"q2\">\r\n        <strong>Question : Un trust dynastique permet surtout de :<\/strong>\r\n        <ul>\r\n          <li onclick=\"selectAnswer(this, false)\">Optimiser la TVA sur les transactions<\/li>\r\n          <li onclick=\"selectAnswer(this, true)\">Prot\u00e9ger le patrimoine sur plusieurs g\u00e9n\u00e9rations<\/li>\r\n          <li onclick=\"selectAnswer(this, false)\">G\u00e9rer uniquement des crypto-actifs<\/li>\r\n        <\/ul>\r\n      <\/div>\r\n    <\/div>\r\n    \r\n    <div class=\"card\">\r\n      <h3>\ud83c\udf0d R\u00e9sidence Fiscale Multiple<\/h3>\r\n      <p>Combinaison intelligente des jours de pr\u00e9sence dans diff\u00e9rents pays pour optimiser sa fiscalit\u00e9 tout en respectant les r\u00e8gles OCDE.<\/p>\r\n      <button class=\"btn\" onclick=\"toggleQuestion('q3')\">Tester mes connaissances<\/button>\r\n      <div class=\"question\" id=\"q3\">\r\n        <strong>Question : Le principal d\u00e9fi de la r\u00e9sidence fiscale multiple ?<\/strong>\r\n        <ul>\r\n          <li onclick=\"selectAnswer(this, true)\">Respecter scrupuleusement les jours de pr\u00e9sence<\/li>\r\n          <li onclick=\"selectAnswer(this, false)\">Choisir n'importe quel pays<\/li>\r\n          <li onclick=\"selectAnswer(this, false)\">\u00c9viter compl\u00e8tement les imp\u00f4ts<\/li>\r\n        <\/ul>\r\n      <\/div>\r\n    <\/div>\r\n    \r\n    <div class=\"card\">\r\n      <h3>\ud83d\udec2 Golden Visas Premium<\/h3>\r\n      <p>Programmes fast-track de r\u00e9sidence\/citoyennet\u00e9 (Malte, Chypre) via investissements immobiliers ou fonds souverains (minimum 2M\u20ac).<\/p>\r\n      <button class=\"btn\" onclick=\"toggleQuestion('q4')\">Tester mes connaissances<\/button>\r\n      <div class=\"question\" id=\"q4\">\r\n        <strong>Question : Les Golden Visas Premium offrent principalement :<\/strong>\r\n        <ul>\r\n          <li onclick=\"selectAnswer(this, true)\">Acc\u00e8s rapide \u00e0 la r\u00e9sidence\/citoyennet\u00e9 UE<\/li>\r\n          <li onclick=\"selectAnswer(this, false)\">Comptes bancaires offshore automatiques<\/li>\r\n          <li onclick=\"selectAnswer(this, false)\">Exon\u00e9ration fiscale totale<\/li>\r\n        <\/ul>\r\n      <\/div>\r\n    <\/div>\r\n    \r\n    <div class=\"card\">\r\n      <h3>\u2602\ufe0f Captives d'Assurance<\/h3>\r\n      <p>Cr\u00e9ation de sa propre soci\u00e9t\u00e9 d'assurance dans des paradis fiscaux pour autog\u00e9rer ses risques et optimiser fiscalement ses primes.<\/p>\r\n      <button class=\"btn\" onclick=\"toggleQuestion('q5')\">Tester mes connaissances<\/button>\r\n      <div class=\"question\" id=\"q5\">\r\n        <strong>Question : Une captive d'assurance permet de :<\/strong>\r\n        <ul>\r\n          <li onclick=\"selectAnswer(this, false)\">Assurer uniquement les biens immobiliers<\/li>\r\n          <li onclick=\"selectAnswer(this, true)\">Autog\u00e9rer ses risques avec optimisation fiscale<\/li>\r\n          <li onclick=\"selectAnswer(this, false)\">Remplacer toutes les assurances traditionnelles<\/li>\r\n        <\/ul>\r\n      <\/div>\r\n    <\/div>\r\n    \r\n    <div class=\"card\">\r\n      <h3>\ud83d\udc51 Family Office<\/h3>\r\n      <p>Structure d\u00e9di\u00e9e g\u00e9rant l'int\u00e9gralit\u00e9 du patrimoine (100M\u20ac+) avec gestion fiscale, juridique et successorale sur-mesure.<\/p>\r\n      <button class=\"btn\" onclick=\"toggleQuestion('q6')\">Tester mes connaissances<\/button>\r\n      <div class=\"question\" id=\"q6\">\r\n        <strong>Question : Un Family Office est pertinent \u00e0 partir de :<\/strong>\r\n        <ul>\r\n          <li onclick=\"selectAnswer(this, false)\">10M\u20ac de patrimoine<\/li>\r\n          <li onclick=\"selectAnswer(this, false)\">50M\u20ac de patrimoine<\/li>\r\n          <li onclick=\"selectAnswer(this, true)\">100M\u20ac+ de patrimoine<\/li>\r\n        <\/ul>\r\n      <\/div>\r\n    <\/div>\r\n    \r\n    <div class=\"card\">\r\n      <h3>\ud83d\udee1\ufe0f Asset Protection Trust (APT)<\/h3>\r\n      <p>Trusts \u00e9tablis dans des juridictions comme les \u00eeles Cook, Nevis ou Belize. Protection contre les cr\u00e9anciers, ex-conjoints, ou poursuites judiciaires avec s\u00e9paration l\u00e9gale totale des actifs vis-\u00e0-vis du constituant.<\/p>\r\n      <button class=\"btn\" onclick=\"toggleQuestion('q7')\">Tester mes connaissances<\/button>\r\n      <div class=\"question\" id=\"q7\">\r\n        <strong>Question : L'avantage principal d'un APT est :<\/strong>\r\n        <ul>\r\n          <li onclick=\"selectAnswer(this, true)\">Protection contre cr\u00e9anciers et poursuites judiciaires<\/li>\r\n          <li onclick=\"selectAnswer(this, false)\">Optimisation fiscale uniquement<\/li>\r\n          <li onclick=\"selectAnswer(this, false)\">Gestion de portefeuille boursier<\/li>\r\n        <\/ul>\r\n      <\/div>\r\n    <\/div>\r\n    \r\n    <div class=\"card\">\r\n      <h3>\ud83c\udf97\ufe0f Charitable Trust & Philanthropic Foundation<\/h3>\r\n      <p>Structure \u00e0 but non lucratif (Private Foundation, Fondation reconnue d'utilit\u00e9 publique). Transmission d\u00e9fiscalis\u00e9e avec image sociale & familiale positive, permettant de donner tout en gardant le contr\u00f4le indirect des actifs.<\/p>\r\n      <button class=\"btn\" onclick=\"toggleQuestion('q8')\">Tester mes connaissances<\/button>\r\n      <div class=\"question\" id=\"q8\">\r\n        <strong>Question : Un Charitable Trust permet principalement de :<\/strong>\r\n        <ul>\r\n          <li onclick=\"selectAnswer(this, false)\">\u00c9viter totalement l'imp\u00f4t sur les revenus<\/li>\r\n          <li onclick=\"selectAnswer(this, true)\">Transmettre de mani\u00e8re d\u00e9fiscalis\u00e9e avec impact social<\/li>\r\n          <li onclick=\"selectAnswer(this, false)\">Cr\u00e9er une soci\u00e9t\u00e9 commerciale<\/li>\r\n        <\/ul>\r\n      <\/div>\r\n    <\/div>\r\n  <\/div>\r\n\r\n  <script>\r\n    let score = 0;\r\n    let answered = new Set();\r\n    \r\n    function toggleQuestion(id) {\r\n      const el = document.getElementById(id);\r\n      const isVisible = el.classList.contains('show');\r\n      \r\n      \/\/ Hide all questions first\r\n      document.querySelectorAll('.question').forEach(q => q.classList.remove('show'));\r\n      \r\n      \/\/ Show the clicked question if it wasn't visible\r\n      if (!isVisible) {\r\n        el.classList.add('show');\r\n      }\r\n    }\r\n    \r\n    function selectAnswer(element, isCorrect) {\r\n      const questionId = element.closest('.question').id;\r\n      \r\n      \/\/ Prevent multiple answers for the same question\r\n      if (answered.has(questionId)) return;\r\n      \r\n      const allOptions = element.parentNode.querySelectorAll('li');\r\n      \r\n      \/\/ Disable all options\r\n      allOptions.forEach(option => {\r\n        option.style.pointerEvents = 'none';\r\n        if (option.onclick.toString().includes('true')) {\r\n          option.classList.add('correct');\r\n        } else {\r\n          option.classList.add('incorrect');\r\n        }\r\n      });\r\n      \r\n      \/\/ Update score\r\n      if (isCorrect) {\r\n        score++;\r\n        answered.add(questionId);\r\n      }\r\n      \r\n      updateScore();\r\n    }\r\n    \r\n    function updateScore() {\r\n      document.getElementById('score').textContent = score;\r\n      const progress = (score \/ 8) * 100;\r\n      document.getElementById('progress').style.width = progress + '%';\r\n      \r\n      if (score === 6) {\r\n        setTimeout(() => {\r\n          alert('\ud83c\udf89 F\u00e9licitations ! Vous ma\u00eetrisez les strat\u00e9gies patrimoniales haut de gamme !');\r\n        }, 500);\r\n      }\r\n    }\r\n    \r\n    \/\/ Add staggered animation to cards\r\n    document.addEventListener('DOMContentLoaded', function() {\r\n      const cards = document.querySelectorAll('.card');\r\n      cards.forEach((card, index) => {\r\n        card.style.animationDelay = (index * 0.2) + 's';\r\n      });\r\n    });\r\n  <\/script>\r\n<\/body>\r\n<\/html>\t\t<\/div>\n\t\t\t\t<\/div>\n\t\t\t\t\t\t<\/div>\n\t\t\t\t\t<\/div>\n\t\t<\/div>\n\t\t\t\t\t\t\t\t<\/div>\n\t\t\t\t\t<\/div>\n\t\t<\/section>\n\t\t\t\t\t\t\t\t\t<\/div>\n\t\t\t<\/div>\n\t\t\t\t\t<\/div>\n\t\t","protected":false},"excerpt":{"rendered":"","protected":false},"author":1,"featured_media":13956,"parent":0,"menu_order":0,"comment_status":"closed","ping_status":"closed","template":"elementor_canvas","meta":{"om_disable_all_campaigns":false,"_monsterinsights_skip_tracking":false,"_monsterinsights_sitenote_active":false,"_monsterinsights_sitenote_note":"","_monsterinsights_sitenote_category":0,"footnotes":""},"class_list":["post-13952","page","type-page","status-publish","has-post-thumbnail","hentry"],"aioseo_notices":[],"_links":{"self":[{"href":"https:\/\/sportinfinance.com\/fr\/wp-json\/wp\/v2\/pages\/13952"}],"collection":[{"href":"https:\/\/sportinfinance.com\/fr\/wp-json\/wp\/v2\/pages"}],"about":[{"href":"https:\/\/sportinfinance.com\/fr\/wp-json\/wp\/v2\/types\/page"}],"author":[{"embeddable":true,"href":"https:\/\/sportinfinance.com\/fr\/wp-json\/wp\/v2\/users\/1"}],"replies":[{"embeddable":true,"href":"https:\/\/sportinfinance.com\/fr\/wp-json\/wp\/v2\/comments?post=13952"}],"version-history":[{"count":5,"href":"https:\/\/sportinfinance.com\/fr\/wp-json\/wp\/v2\/pages\/13952\/revisions"}],"predecessor-version":[{"id":13959,"href":"https:\/\/sportinfinance.com\/fr\/wp-json\/wp\/v2\/pages\/13952\/revisions\/13959"}],"wp:featuredmedia":[{"embeddable":true,"href":"https:\/\/sportinfinance.com\/fr\/wp-json\/wp\/v2\/media\/13956"}],"wp:attachment":[{"href":"https:\/\/sportinfinance.com\/fr\/wp-json\/wp\/v2\/media?parent=13952"}],"curies":[{"name":"wp","href":"https:\/\/api.w.org\/{rel}","templated":true}]}}