{"id":13382,"date":"2025-05-03T15:07:09","date_gmt":"2025-05-03T21:07:09","guid":{"rendered":"https:\/\/sportinfinance.com\/fr\/produits\/"},"modified":"2025-05-03T15:07:09","modified_gmt":"2025-05-03T21:07:09","slug":"produits","status":"publish","type":"page","link":"https:\/\/sportinfinance.com\/fr\/produits\/","title":{"rendered":"Produits"},"content":{"rendered":"<div class=\"wp-block-edd-downloads edd-blocks__downloads edd-blocks__columns\">\n\t\t\t<article class=\"edd-blocks__download\">\n\t\t\t\n<header class=\"edd-blocks__download-header\">\n\t\t<a\n\t\thref=\"https:\/\/sportinfinance.com\/fr\/downloads\/entreprendre-dans-la-caraibe-guide-pratique-pour-les-porteurs-de-projets-locaux-et-diasporiques\/\"\n\t\tclass=\"edd-blocks__download-image-link\"\n\t\t\t\t\taria-hidden=\"true\"\n\t\t\ttabindex=\"-1\"\n\t\t\t\t>\n\t<img loading=\"lazy\" decoding=\"async\" width=\"683\" height=\"1024\" src=\"https:\/\/sportinfinance.com\/fr\/wp-content\/uploads\/edd\/2025\/05\/ebook-27-caraibe-683x1024.png\" class=\"aligncenter edd-blocks__download-image wp-post-image\" alt=\"\" srcset=\"https:\/\/sportinfinance.com\/fr\/wp-content\/uploads\/edd\/2025\/05\/ebook-27-caraibe-683x1024.png 683w, https:\/\/sportinfinance.com\/fr\/wp-content\/uploads\/edd\/2025\/05\/ebook-27-caraibe-200x300.png 200w, https:\/\/sportinfinance.com\/fr\/wp-content\/uploads\/edd\/2025\/05\/ebook-27-caraibe-768x1152.png 768w, https:\/\/sportinfinance.com\/fr\/wp-content\/uploads\/edd\/2025\/05\/ebook-27-caraibe.png 1024w\" sizes=\"(max-width: 683px) 100vw, 683px\" \/>\t<\/a>\n\t<h3><a href=\"https:\/\/sportinfinance.com\/fr\/downloads\/entreprendre-dans-la-caraibe-guide-pratique-pour-les-porteurs-de-projets-locaux-et-diasporiques\/\">Entreprendre dans la Cara\u00efbe : Guide pratique pour les porteurs de projets locaux et diasporiques<\/a><\/h3><\/header>\n<div class=\"edd-blocks__download-content\">\n\t\t\t<div class=\"edd-blocks__download-price\">\n\t\t\t<span class=\"edd_price\" id=\"edd_price_13769\">27,00&euro;<\/span>\t\t<\/div>\n\t\t<\/div>\n<footer class=\"edd-blocks__download-footer\">\n\t<div class=\"wp-block-edd-buy-button edd-blocks__buy-button\">\t<form id=\"edd_purchase_13769\" class=\"edd_download_purchase_form edd_purchase_13769\" method=\"post\">\n\n\t\t\n\t\t<div class=\"edd_purchase_submit_wrapper\">\n\t\t\t<button class=\"edd-add-to-cart button blue edd-submit alignnone\" data-nonce=\"4ea082d75e\" data-timestamp=\"1777211269\" data-token=\"a0ca047f10fc622b9f2a34117375816638782bc7ae4a1ec798cc8cf41b474e8d\" data-action=\"edd_add_to_cart\" data-download-id=\"13769\" data-variable-price=\"no\" data-price-mode=single data-price=\"27.00\" ><span class=\"edd-add-to-cart-label\">27,00&euro;&nbsp;&ndash;&nbsp;Acheter<\/span> <span class=\"edd-loading\" aria-label=\"Chargement en cours\"><\/span><\/button><input type=\"submit\" class=\"edd-add-to-cart edd-no-js button blue edd-submit alignnone\" name=\"edd_purchase_download\" value=\"27,00&euro;&nbsp;&ndash;&nbsp;Acheter\" data-action=\"edd_add_to_cart\" data-download-id=\"13769\" data-variable-price=\"no\" data-price-mode=single \/><a href=\"https:\/\/sportinfinance.com\/fr\/commande-2\/\" class=\"edd_go_to_checkout button blue edd-submit alignnone\" style=\"display:none;\">Commande<\/a>\n\t\t\t\t\t\t\t<span class=\"edd-cart-ajax-alert\" aria-live=\"assertive\">\n\t\t\t\t\t<span class=\"edd-cart-added-alert\" style=\"display: none;\">\n\t\t\t\t\t\t<svg class=\"edd-icon edd-icon-check\" xmlns=\"http:\/\/www.w3.org\/2000\/svg\" width=\"28\" height=\"28\" viewBox=\"0 0 28 28\" aria-hidden=\"true\">\n\t\t\t\t\t\t\t<path d=\"M26.11 8.844c0 .39-.157.78-.44 1.062L12.234 23.344c-.28.28-.672.438-1.062.438s-.78-.156-1.06-.438l-7.782-7.78c-.28-.282-.438-.673-.438-1.063s.156-.78.438-1.06l2.125-2.126c.28-.28.672-.438 1.062-.438s.78.156 1.062.438l4.594 4.61L21.42 5.656c.282-.28.673-.438 1.063-.438s.78.155 1.062.437l2.125 2.125c.28.28.438.672.438 1.062z\"\/>\n\t\t\t\t\t\t<\/svg>\n\t\t\t\t\t\tAjout\u00e9 au panier\t\t\t\t\t<\/span>\n\t\t\t\t<\/span>\n\t\t\t\t\t\t\t\t\t\t\t\t\t\t\t<\/div><!--end .edd_purchase_submit_wrapper-->\n\n\t\t<input type=\"hidden\" name=\"download_id\" value=\"13769\">\n\t\t\t\t\t\t\t<input type=\"hidden\" name=\"edd_action\" class=\"edd_action_input\" value=\"add_to_cart\">\n\t\t\n\t\t\n\t\t\n\t<\/form><!--end #edd_purchase_13769-->\n<\/div><\/footer>\n\t\t<\/article>\n\t\t\t\t<article class=\"edd-blocks__download\">\n\t\t\t\n<header class=\"edd-blocks__download-header\">\n\t\t<a\n\t\thref=\"https:\/\/sportinfinance.com\/fr\/downloads\/les-methodes-de-fixation-des-prix-pour-lagro-transformateur-en-guadeloupe\/\"\n\t\tclass=\"edd-blocks__download-image-link\"\n\t\t\t\t\taria-hidden=\"true\"\n\t\t\ttabindex=\"-1\"\n\t\t\t\t>\n\t<img loading=\"lazy\" decoding=\"async\" width=\"507\" height=\"699\" src=\"https:\/\/sportinfinance.com\/fr\/wp-content\/uploads\/edd\/2025\/05\/methode-des-couts-agro-tranformation.png\" class=\"aligncenter edd-blocks__download-image wp-post-image\" alt=\"\" srcset=\"https:\/\/sportinfinance.com\/fr\/wp-content\/uploads\/edd\/2025\/05\/methode-des-couts-agro-tranformation.png 507w, https:\/\/sportinfinance.com\/fr\/wp-content\/uploads\/edd\/2025\/05\/methode-des-couts-agro-tranformation-218x300.png 218w\" sizes=\"(max-width: 507px) 100vw, 507px\" \/>\t<\/a>\n\t<h3><a href=\"https:\/\/sportinfinance.com\/fr\/downloads\/les-methodes-de-fixation-des-prix-pour-lagro-transformateur-en-guadeloupe\/\">Les m\u00e9thodes de fixation des prix pour l&rsquo;agro-transformateur en Guadeloupe<\/a><\/h3><\/header>\n<div class=\"edd-blocks__download-content\">\n\t<p>Les m\u00e9thodes de fixation des prix pour l&rsquo;agro-transformateur en Guadeloupe<\/p>\n\t\t<div class=\"edd-blocks__download-price\">\n\t\t\t<span class=\"edd_price\" id=\"edd_price_13664\">27,00&euro;<\/span>\t\t<\/div>\n\t\t<\/div>\n<footer class=\"edd-blocks__download-footer\">\n\t<div class=\"wp-block-edd-buy-button edd-blocks__buy-button\">\t<form id=\"edd_purchase_13664\" class=\"edd_download_purchase_form edd_purchase_13664\" method=\"post\">\n\n\t\t\n\t\t<div class=\"edd_purchase_submit_wrapper\">\n\t\t\t<button class=\"edd-add-to-cart button blue edd-submit alignnone\" data-nonce=\"9076fc9b44\" data-timestamp=\"1777211269\" data-token=\"a0ca047f10fc622b9f2a34117375816638782bc7ae4a1ec798cc8cf41b474e8d\" data-action=\"edd_add_to_cart\" data-download-id=\"13664\" data-variable-price=\"no\" data-price-mode=single data-price=\"27.00\" ><span class=\"edd-add-to-cart-label\">27,00&euro;&nbsp;&ndash;&nbsp;Acheter<\/span> <span class=\"edd-loading\" aria-label=\"Chargement en cours\"><\/span><\/button><input type=\"submit\" class=\"edd-add-to-cart edd-no-js button blue edd-submit alignnone\" name=\"edd_purchase_download\" value=\"27,00&euro;&nbsp;&ndash;&nbsp;Acheter\" data-action=\"edd_add_to_cart\" data-download-id=\"13664\" data-variable-price=\"no\" data-price-mode=single \/><a href=\"https:\/\/sportinfinance.com\/fr\/commande-2\/\" class=\"edd_go_to_checkout button blue edd-submit alignnone\" style=\"display:none;\">Commande<\/a>\n\t\t\t\t\t\t\t<span class=\"edd-cart-ajax-alert\" aria-live=\"assertive\">\n\t\t\t\t\t<span class=\"edd-cart-added-alert\" style=\"display: none;\">\n\t\t\t\t\t\t<svg class=\"edd-icon edd-icon-check\" xmlns=\"http:\/\/www.w3.org\/2000\/svg\" width=\"28\" height=\"28\" viewBox=\"0 0 28 28\" aria-hidden=\"true\">\n\t\t\t\t\t\t\t<path d=\"M26.11 8.844c0 .39-.157.78-.44 1.062L12.234 23.344c-.28.28-.672.438-1.062.438s-.78-.156-1.06-.438l-7.782-7.78c-.28-.282-.438-.673-.438-1.063s.156-.78.438-1.06l2.125-2.126c.28-.28.672-.438 1.062-.438s.78.156 1.062.438l4.594 4.61L21.42 5.656c.282-.28.673-.438 1.063-.438s.78.155 1.062.437l2.125 2.125c.28.28.438.672.438 1.062z\"\/>\n\t\t\t\t\t\t<\/svg>\n\t\t\t\t\t\tAjout\u00e9 au panier\t\t\t\t\t<\/span>\n\t\t\t\t<\/span>\n\t\t\t\t\t\t\t\t\t\t\t\t\t\t\t<\/div><!--end .edd_purchase_submit_wrapper-->\n\n\t\t<input type=\"hidden\" name=\"download_id\" value=\"13664\">\n\t\t\t\t\t\t\t<input type=\"hidden\" name=\"edd_action\" class=\"edd_action_input\" value=\"add_to_cart\">\n\t\t\n\t\t\n\t\t\n\t<\/form><!--end #edd_purchase_13664-->\n<\/div><\/footer>\n\t\t<\/article>\n\t\t\t\t<article class=\"edd-blocks__download\">\n\t\t\t\n<header class=\"edd-blocks__download-header\">\n\t\t<a\n\t\thref=\"https:\/\/sportinfinance.com\/fr\/downloads\/strategies-innovantes-pour-la-gestion-des-clubs-de-volley-ball\/\"\n\t\tclass=\"edd-blocks__download-image-link\"\n\t\t\t\t\taria-hidden=\"true\"\n\t\t\ttabindex=\"-1\"\n\t\t\t\t>\n\t<img loading=\"lazy\" decoding=\"async\" width=\"724\" height=\"1024\" src=\"https:\/\/sportinfinance.com\/fr\/wp-content\/uploads\/edd\/2025\/05\/page_de_garde-724x1024.png\" class=\"aligncenter edd-blocks__download-image wp-post-image\" alt=\"\" srcset=\"https:\/\/sportinfinance.com\/fr\/wp-content\/uploads\/edd\/2025\/05\/page_de_garde-724x1024.png 724w, https:\/\/sportinfinance.com\/fr\/wp-content\/uploads\/edd\/2025\/05\/page_de_garde-212x300.png 212w, https:\/\/sportinfinance.com\/fr\/wp-content\/uploads\/edd\/2025\/05\/page_de_garde-768x1087.png 768w, https:\/\/sportinfinance.com\/fr\/wp-content\/uploads\/edd\/2025\/05\/page_de_garde-1086x1536.png 1086w, https:\/\/sportinfinance.com\/fr\/wp-content\/uploads\/edd\/2025\/05\/page_de_garde-1447x2048.png 1447w, https:\/\/sportinfinance.com\/fr\/wp-content\/uploads\/edd\/2025\/05\/page_de_garde.png 1653w\" sizes=\"(max-width: 724px) 100vw, 724px\" \/>\t<\/a>\n\t<h3><a href=\"https:\/\/sportinfinance.com\/fr\/downloads\/strategies-innovantes-pour-la-gestion-des-clubs-de-volley-ball\/\">Strategies innovantes pour la gestion des clubs de volley-ball<\/a><\/h3><\/header>\n<div class=\"edd-blocks__download-content\">\n\t<p>Ce guide essentiel pour tous les dirigeants, entra\u00eeneurs et b\u00e9n\u00e9voles souhaitant faire \u00e9voluer leur club de volley-ball vers un mod\u00e8le performant, durable et attractif.<\/p>\n\t\t<div class=\"edd-blocks__download-price\">\n\t\t\t<span class=\"edd_price\" id=\"edd_price_13624\">27,00&euro;<\/span>\t\t<\/div>\n\t\t<\/div>\n<footer class=\"edd-blocks__download-footer\">\n\t<div class=\"wp-block-edd-buy-button edd-blocks__buy-button\">\t<form id=\"edd_purchase_13624\" class=\"edd_download_purchase_form edd_purchase_13624\" method=\"post\">\n\n\t\t\n\t\t<div class=\"edd_purchase_submit_wrapper\">\n\t\t\t<button class=\"edd-add-to-cart button blue edd-submit alignnone\" data-nonce=\"434c26417f\" data-timestamp=\"1777211269\" data-token=\"a0ca047f10fc622b9f2a34117375816638782bc7ae4a1ec798cc8cf41b474e8d\" data-action=\"edd_add_to_cart\" data-download-id=\"13624\" data-variable-price=\"no\" data-price-mode=single data-price=\"27.00\" ><span class=\"edd-add-to-cart-label\">27,00&euro;&nbsp;&ndash;&nbsp;Acheter<\/span> <span class=\"edd-loading\" aria-label=\"Chargement en cours\"><\/span><\/button><input type=\"submit\" class=\"edd-add-to-cart edd-no-js button blue edd-submit alignnone\" name=\"edd_purchase_download\" value=\"27,00&euro;&nbsp;&ndash;&nbsp;Acheter\" data-action=\"edd_add_to_cart\" data-download-id=\"13624\" data-variable-price=\"no\" data-price-mode=single \/><a href=\"https:\/\/sportinfinance.com\/fr\/commande-2\/\" class=\"edd_go_to_checkout button blue edd-submit alignnone\" style=\"display:none;\">Commande<\/a>\n\t\t\t\t\t\t\t<span class=\"edd-cart-ajax-alert\" aria-live=\"assertive\">\n\t\t\t\t\t<span class=\"edd-cart-added-alert\" style=\"display: none;\">\n\t\t\t\t\t\t<svg class=\"edd-icon edd-icon-check\" xmlns=\"http:\/\/www.w3.org\/2000\/svg\" width=\"28\" height=\"28\" viewBox=\"0 0 28 28\" aria-hidden=\"true\">\n\t\t\t\t\t\t\t<path d=\"M26.11 8.844c0 .39-.157.78-.44 1.062L12.234 23.344c-.28.28-.672.438-1.062.438s-.78-.156-1.06-.438l-7.782-7.78c-.28-.282-.438-.673-.438-1.063s.156-.78.438-1.06l2.125-2.126c.28-.28.672-.438 1.062-.438s.78.156 1.062.438l4.594 4.61L21.42 5.656c.282-.28.673-.438 1.063-.438s.78.155 1.062.437l2.125 2.125c.28.28.438.672.438 1.062z\"\/>\n\t\t\t\t\t\t<\/svg>\n\t\t\t\t\t\tAjout\u00e9 au panier\t\t\t\t\t<\/span>\n\t\t\t\t<\/span>\n\t\t\t\t\t\t\t\t\t\t\t\t\t\t\t<\/div><!--end .edd_purchase_submit_wrapper-->\n\n\t\t<input type=\"hidden\" name=\"download_id\" value=\"13624\">\n\t\t\t\t\t\t\t<input type=\"hidden\" name=\"edd_action\" class=\"edd_action_input\" value=\"add_to_cart\">\n\t\t\n\t\t\n\t\t\n\t<\/form><!--end #edd_purchase_13624-->\n<\/div><\/footer>\n\t\t<\/article>\n\t\t\t\t<article class=\"edd-blocks__download\">\n\t\t\t\n<header class=\"edd-blocks__download-header\">\n\t\t<a\n\t\thref=\"https:\/\/sportinfinance.com\/fr\/downloads\/le-guide-des-investisseurs\/\"\n\t\tclass=\"edd-blocks__download-image-link\"\n\t\t\t\t\taria-hidden=\"true\"\n\t\t\ttabindex=\"-1\"\n\t\t\t\t>\n\t<img loading=\"lazy\" decoding=\"async\" width=\"724\" height=\"1024\" src=\"https:\/\/sportinfinance.com\/fr\/wp-content\/uploads\/edd\/2025\/05\/Green-and-Black-Bold-Proposal-Cover-Page-1-724x1024.png\" class=\"aligncenter edd-blocks__download-image wp-post-image\" alt=\"\" srcset=\"https:\/\/sportinfinance.com\/fr\/wp-content\/uploads\/edd\/2025\/05\/Green-and-Black-Bold-Proposal-Cover-Page-1-724x1024.png 724w, https:\/\/sportinfinance.com\/fr\/wp-content\/uploads\/edd\/2025\/05\/Green-and-Black-Bold-Proposal-Cover-Page-1-212x300.png 212w, https:\/\/sportinfinance.com\/fr\/wp-content\/uploads\/edd\/2025\/05\/Green-and-Black-Bold-Proposal-Cover-Page-1-768x1086.png 768w, https:\/\/sportinfinance.com\/fr\/wp-content\/uploads\/edd\/2025\/05\/Green-and-Black-Bold-Proposal-Cover-Page-1-1086x1536.png 1086w, https:\/\/sportinfinance.com\/fr\/wp-content\/uploads\/edd\/2025\/05\/Green-and-Black-Bold-Proposal-Cover-Page-1.png 1414w\" sizes=\"(max-width: 724px) 100vw, 724px\" \/>\t<\/a>\n\t<h3><a href=\"https:\/\/sportinfinance.com\/fr\/downloads\/le-guide-des-investisseurs\/\">Le Guide des Investisseurs<\/a><\/h3><\/header>\n<div class=\"edd-blocks__download-content\">\n\t<p>Le Guide des Investisseurs &#8211; Sport in Finance<\/p>\n\t\t<div class=\"edd-blocks__download-price\">\n\t\t\t<span class=\"edd_price\" id=\"edd_price_13564\">27,00&euro;<\/span>\t\t<\/div>\n\t\t<\/div>\n<footer class=\"edd-blocks__download-footer\">\n\t<div class=\"wp-block-edd-buy-button edd-blocks__buy-button\">\t<form id=\"edd_purchase_13564\" class=\"edd_download_purchase_form edd_purchase_13564\" method=\"post\">\n\n\t\t\n\t\t<div class=\"edd_purchase_submit_wrapper\">\n\t\t\t<button class=\"edd-add-to-cart button blue edd-submit alignnone\" data-nonce=\"66f471a2f5\" data-timestamp=\"1777211269\" data-token=\"a0ca047f10fc622b9f2a34117375816638782bc7ae4a1ec798cc8cf41b474e8d\" data-action=\"edd_add_to_cart\" data-download-id=\"13564\" data-variable-price=\"no\" data-price-mode=single data-price=\"27.00\" ><span class=\"edd-add-to-cart-label\">27,00&euro;&nbsp;&ndash;&nbsp;Acheter<\/span> <span class=\"edd-loading\" aria-label=\"Chargement en cours\"><\/span><\/button><input type=\"submit\" class=\"edd-add-to-cart edd-no-js button blue edd-submit alignnone\" name=\"edd_purchase_download\" value=\"27,00&euro;&nbsp;&ndash;&nbsp;Acheter\" data-action=\"edd_add_to_cart\" data-download-id=\"13564\" data-variable-price=\"no\" data-price-mode=single \/><a href=\"https:\/\/sportinfinance.com\/fr\/commande-2\/\" class=\"edd_go_to_checkout button blue edd-submit alignnone\" style=\"display:none;\">Commande<\/a>\n\t\t\t\t\t\t\t<span class=\"edd-cart-ajax-alert\" aria-live=\"assertive\">\n\t\t\t\t\t<span class=\"edd-cart-added-alert\" style=\"display: none;\">\n\t\t\t\t\t\t<svg class=\"edd-icon edd-icon-check\" xmlns=\"http:\/\/www.w3.org\/2000\/svg\" width=\"28\" height=\"28\" viewBox=\"0 0 28 28\" aria-hidden=\"true\">\n\t\t\t\t\t\t\t<path d=\"M26.11 8.844c0 .39-.157.78-.44 1.062L12.234 23.344c-.28.28-.672.438-1.062.438s-.78-.156-1.06-.438l-7.782-7.78c-.28-.282-.438-.673-.438-1.063s.156-.78.438-1.06l2.125-2.126c.28-.28.672-.438 1.062-.438s.78.156 1.062.438l4.594 4.61L21.42 5.656c.282-.28.673-.438 1.063-.438s.78.155 1.062.437l2.125 2.125c.28.28.438.672.438 1.062z\"\/>\n\t\t\t\t\t\t<\/svg>\n\t\t\t\t\t\tAjout\u00e9 au panier\t\t\t\t\t<\/span>\n\t\t\t\t<\/span>\n\t\t\t\t\t\t\t\t\t\t\t\t\t\t\t<\/div><!--end .edd_purchase_submit_wrapper-->\n\n\t\t<input type=\"hidden\" name=\"download_id\" value=\"13564\">\n\t\t\t\t\t\t\t<input type=\"hidden\" name=\"edd_action\" class=\"edd_action_input\" value=\"add_to_cart\">\n\t\t\n\t\t\n\t\t\n\t<\/form><!--end #edd_purchase_13564-->\n<\/div><\/footer>\n\t\t<\/article>\n\t\t\t\t<article class=\"edd-blocks__download\">\n\t\t\t\n<header class=\"edd-blocks__download-header\">\n\t\t<a\n\t\thref=\"https:\/\/sportinfinance.com\/fr\/downloads\/reussir-son-hebergement-touristique\/\"\n\t\tclass=\"edd-blocks__download-image-link\"\n\t\t\t\t\taria-hidden=\"true\"\n\t\t\ttabindex=\"-1\"\n\t\t\t\t>\n\t<img loading=\"lazy\" decoding=\"async\" width=\"724\" height=\"1024\" src=\"https:\/\/sportinfinance.com\/fr\/wp-content\/uploads\/edd\/2025\/05\/Design-sans-titre-11-724x1024.png\" class=\"aligncenter edd-blocks__download-image wp-post-image\" alt=\"\" srcset=\"https:\/\/sportinfinance.com\/fr\/wp-content\/uploads\/edd\/2025\/05\/Design-sans-titre-11-724x1024.png 724w, https:\/\/sportinfinance.com\/fr\/wp-content\/uploads\/edd\/2025\/05\/Design-sans-titre-11-212x300.png 212w, https:\/\/sportinfinance.com\/fr\/wp-content\/uploads\/edd\/2025\/05\/Design-sans-titre-11-768x1086.png 768w, https:\/\/sportinfinance.com\/fr\/wp-content\/uploads\/edd\/2025\/05\/Design-sans-titre-11.png 1061w\" sizes=\"(max-width: 724px) 100vw, 724px\" \/>\t<\/a>\n\t<h3><a href=\"https:\/\/sportinfinance.com\/fr\/downloads\/reussir-son-hebergement-touristique\/\">R\u00e9ussir son h\u00e9bergement touristique<\/a><\/h3><\/header>\n<div class=\"edd-blocks__download-content\">\n\t<p>Ce support structur\u00e9 vous accompagne dans la d\u00e9finition, la planification et la valorisation de votre projet. <\/p>\n\t\t<div class=\"edd-blocks__download-price\">\n\t\t\t<span class=\"edd_price\" id=\"edd_price_13390\">27,00&euro;<\/span>\t\t<\/div>\n\t\t<\/div>\n<footer class=\"edd-blocks__download-footer\">\n\t<div class=\"wp-block-edd-buy-button edd-blocks__buy-button\">\t<form id=\"edd_purchase_13390\" class=\"edd_download_purchase_form edd_purchase_13390\" method=\"post\">\n\n\t\t\n\t\t<div class=\"edd_purchase_submit_wrapper\">\n\t\t\t<button class=\"edd-add-to-cart button blue edd-submit alignnone\" data-nonce=\"bac0375523\" data-timestamp=\"1777211269\" data-token=\"a0ca047f10fc622b9f2a34117375816638782bc7ae4a1ec798cc8cf41b474e8d\" data-action=\"edd_add_to_cart\" data-download-id=\"13390\" data-variable-price=\"no\" data-price-mode=single data-price=\"27.00\" ><span class=\"edd-add-to-cart-label\">27,00&euro;&nbsp;&ndash;&nbsp;Acheter<\/span> <span class=\"edd-loading\" aria-label=\"Chargement en cours\"><\/span><\/button><input type=\"submit\" class=\"edd-add-to-cart edd-no-js button blue edd-submit alignnone\" name=\"edd_purchase_download\" value=\"27,00&euro;&nbsp;&ndash;&nbsp;Acheter\" data-action=\"edd_add_to_cart\" data-download-id=\"13390\" data-variable-price=\"no\" data-price-mode=single \/><a href=\"https:\/\/sportinfinance.com\/fr\/commande-2\/\" class=\"edd_go_to_checkout button blue edd-submit alignnone\" style=\"display:none;\">Commande<\/a>\n\t\t\t\t\t\t\t<span class=\"edd-cart-ajax-alert\" aria-live=\"assertive\">\n\t\t\t\t\t<span class=\"edd-cart-added-alert\" style=\"display: none;\">\n\t\t\t\t\t\t<svg class=\"edd-icon edd-icon-check\" xmlns=\"http:\/\/www.w3.org\/2000\/svg\" width=\"28\" height=\"28\" viewBox=\"0 0 28 28\" aria-hidden=\"true\">\n\t\t\t\t\t\t\t<path d=\"M26.11 8.844c0 .39-.157.78-.44 1.062L12.234 23.344c-.28.28-.672.438-1.062.438s-.78-.156-1.06-.438l-7.782-7.78c-.28-.282-.438-.673-.438-1.063s.156-.78.438-1.06l2.125-2.126c.28-.28.672-.438 1.062-.438s.78.156 1.062.438l4.594 4.61L21.42 5.656c.282-.28.673-.438 1.063-.438s.78.155 1.062.437l2.125 2.125c.28.28.438.672.438 1.062z\"\/>\n\t\t\t\t\t\t<\/svg>\n\t\t\t\t\t\tAjout\u00e9 au panier\t\t\t\t\t<\/span>\n\t\t\t\t<\/span>\n\t\t\t\t\t\t\t\t\t\t\t\t\t\t\t<\/div><!--end .edd_purchase_submit_wrapper-->\n\n\t\t<input type=\"hidden\" name=\"download_id\" value=\"13390\">\n\t\t\t\t\t\t\t<input type=\"hidden\" name=\"edd_action\" class=\"edd_action_input\" value=\"add_to_cart\">\n\t\t\n\t\t\n\t\t\n\t<\/form><!--end #edd_purchase_13390-->\n<\/div><\/footer>\n\t\t<\/article>\n\t\t\t\t<article class=\"edd-blocks__download\">\n\t\t\t\n<header class=\"edd-blocks__download-header\">\n\t\t<a\n\t\thref=\"https:\/\/sportinfinance.com\/fr\/downloads\/guide-strategique-pour-reussir-son-business-plan-sport-in-finance\/\"\n\t\tclass=\"edd-blocks__download-image-link\"\n\t\t\t\t\taria-hidden=\"true\"\n\t\t\ttabindex=\"-1\"\n\t\t\t\t>\n\t<img loading=\"lazy\" decoding=\"async\" width=\"683\" height=\"1024\" src=\"https:\/\/sportinfinance.com\/fr\/wp-content\/uploads\/edd\/2025\/05\/realise-ton-bp-1-683x1024.jpg\" class=\"aligncenter edd-blocks__download-image wp-post-image\" alt=\"\" srcset=\"https:\/\/sportinfinance.com\/fr\/wp-content\/uploads\/edd\/2025\/05\/realise-ton-bp-1-683x1024.jpg 683w, https:\/\/sportinfinance.com\/fr\/wp-content\/uploads\/edd\/2025\/05\/realise-ton-bp-1-200x300.jpg 200w, https:\/\/sportinfinance.com\/fr\/wp-content\/uploads\/edd\/2025\/05\/realise-ton-bp-1-768x1152.jpg 768w, https:\/\/sportinfinance.com\/fr\/wp-content\/uploads\/edd\/2025\/05\/realise-ton-bp-1.jpg 1000w\" sizes=\"(max-width: 683px) 100vw, 683px\" \/>\t<\/a>\n\t<h3><a href=\"https:\/\/sportinfinance.com\/fr\/downloads\/guide-strategique-pour-reussir-son-business-plan-sport-in-finance\/\">Guide strat\u00e9gique pour r\u00e9ussir son Business Plan \u2013 Guide complet<\/a><\/h3><\/header>\n<div class=\"edd-blocks__download-content\">\n\t<p>Ce guide vous accompagne pas \u00e0 pas pour construire un business plan solide, clair et convaincant dans le secteur du sport, de la sant\u00e9 et du bien-\u00eatre. Pens\u00e9 pour les entrepreneurs, porteurs de projet ou associations, il int\u00e8gre des mod\u00e8les, des conseils d\u2019experts et les leviers de financement cl\u00e9s.<\/p>\n\t\t<div class=\"edd-blocks__download-price\">\n\t\t\t<span class=\"edd_price\" id=\"edd_price_13384\">27,00&euro;<\/span>\t\t<\/div>\n\t\t<\/div>\n<footer class=\"edd-blocks__download-footer\">\n\t<div class=\"wp-block-edd-buy-button edd-blocks__buy-button\">\t<form id=\"edd_purchase_13384\" class=\"edd_download_purchase_form edd_purchase_13384\" method=\"post\">\n\n\t\t\n\t\t<div class=\"edd_purchase_submit_wrapper\">\n\t\t\t<button class=\"edd-add-to-cart button blue edd-submit alignnone\" data-nonce=\"8955b28e1a\" data-timestamp=\"1777211269\" data-token=\"a0ca047f10fc622b9f2a34117375816638782bc7ae4a1ec798cc8cf41b474e8d\" data-action=\"edd_add_to_cart\" data-download-id=\"13384\" data-variable-price=\"no\" data-price-mode=single data-price=\"27.00\" ><span class=\"edd-add-to-cart-label\">27,00&euro;&nbsp;&ndash;&nbsp;Acheter<\/span> <span class=\"edd-loading\" aria-label=\"Chargement en cours\"><\/span><\/button><input type=\"submit\" class=\"edd-add-to-cart edd-no-js button blue edd-submit alignnone\" name=\"edd_purchase_download\" value=\"27,00&euro;&nbsp;&ndash;&nbsp;Acheter\" data-action=\"edd_add_to_cart\" data-download-id=\"13384\" data-variable-price=\"no\" data-price-mode=single \/><a href=\"https:\/\/sportinfinance.com\/fr\/commande-2\/\" class=\"edd_go_to_checkout button blue edd-submit alignnone\" style=\"display:none;\">Commande<\/a>\n\t\t\t\t\t\t\t<span class=\"edd-cart-ajax-alert\" aria-live=\"assertive\">\n\t\t\t\t\t<span class=\"edd-cart-added-alert\" style=\"display: none;\">\n\t\t\t\t\t\t<svg class=\"edd-icon edd-icon-check\" xmlns=\"http:\/\/www.w3.org\/2000\/svg\" width=\"28\" height=\"28\" viewBox=\"0 0 28 28\" aria-hidden=\"true\">\n\t\t\t\t\t\t\t<path d=\"M26.11 8.844c0 .39-.157.78-.44 1.062L12.234 23.344c-.28.28-.672.438-1.062.438s-.78-.156-1.06-.438l-7.782-7.78c-.28-.282-.438-.673-.438-1.063s.156-.78.438-1.06l2.125-2.126c.28-.28.672-.438 1.062-.438s.78.156 1.062.438l4.594 4.61L21.42 5.656c.282-.28.673-.438 1.063-.438s.78.155 1.062.437l2.125 2.125c.28.28.438.672.438 1.062z\"\/>\n\t\t\t\t\t\t<\/svg>\n\t\t\t\t\t\tAjout\u00e9 au panier\t\t\t\t\t<\/span>\n\t\t\t\t<\/span>\n\t\t\t\t\t\t\t\t\t\t\t\t\t\t\t<\/div><!--end .edd_purchase_submit_wrapper-->\n\n\t\t<input type=\"hidden\" name=\"download_id\" value=\"13384\">\n\t\t\t\t\t\t\t<input type=\"hidden\" name=\"edd_action\" class=\"edd_action_input\" value=\"add_to_cart\">\n\t\t\n\t\t\n\t\t\n\t<\/form><!--end #edd_purchase_13384-->\n<\/div><\/footer>\n\t\t<\/article>\n\t\t<\/div>\n","protected":false},"excerpt":{"rendered":"","protected":false},"author":1,"featured_media":0,"parent":0,"menu_order":0,"comment_status":"closed","ping_status":"closed","template":"","meta":{"om_disable_all_campaigns":false,"_monsterinsights_skip_tracking":false,"_monsterinsights_sitenote_active":false,"_monsterinsights_sitenote_note":"","_monsterinsights_sitenote_category":0,"footnotes":""},"class_list":["post-13382","page","type-page","status-publish","hentry"],"aioseo_notices":[],"_links":{"self":[{"href":"https:\/\/sportinfinance.com\/fr\/wp-json\/wp\/v2\/pages\/13382"}],"collection":[{"href":"https:\/\/sportinfinance.com\/fr\/wp-json\/wp\/v2\/pages"}],"about":[{"href":"https:\/\/sportinfinance.com\/fr\/wp-json\/wp\/v2\/types\/page"}],"author":[{"embeddable":true,"href":"https:\/\/sportinfinance.com\/fr\/wp-json\/wp\/v2\/users\/1"}],"replies":[{"embeddable":true,"href":"https:\/\/sportinfinance.com\/fr\/wp-json\/wp\/v2\/comments?post=13382"}],"version-history":[{"count":0,"href":"https:\/\/sportinfinance.com\/fr\/wp-json\/wp\/v2\/pages\/13382\/revisions"}],"wp:attachment":[{"href":"https:\/\/sportinfinance.com\/fr\/wp-json\/wp\/v2\/media?parent=13382"}],"curies":[{"name":"wp","href":"https:\/\/api.w.org\/{rel}","templated":true}]}}