{"id":1275,"date":"2016-08-26T23:20:40","date_gmt":"2016-08-27T05:20:40","guid":{"rendered":"https:\/\/sportinfinance.com\/fr\/?page_id=1275"},"modified":"2020-12-10T19:48:06","modified_gmt":"2020-12-11T01:48:06","slug":"abonnement-coaching","status":"publish","type":"page","link":"https:\/\/sportinfinance.com\/fr\/abonnement-coaching\/","title":{"rendered":"Coaching Entrepreunarial"},"content":{"rendered":"<p><a href=\"https:\/\/sportinfinance.com\/fr\/wp-content\/uploads\/2016\/08\/je-minscris.jpg\"><br \/>\n<\/a><a href=\"https:\/\/sportinfinance.com\/fr\/prendre-un-rdv\/\" target=\"_blank\" rel=\"noopener noreferrer\"><img loading=\"lazy\" decoding=\"async\" class=\"aligncenter\" src=\"http:\/\/nsm08.casimages.com\/img\/2016\/08\/27\/\/16082707375821893214453031.png\" alt=\"\" width=\"400\" height=\"300\"><\/a><\/p>\n<p style=\"text-align: justify;\">Vous \u00eates artisan, commer\u00e7ant, chef d&rsquo;entreprise ou agriculteur, ressentez-vous du stress et de l&rsquo;anxi\u00e9t\u00e9 ? Avez-vous d\u00e9j\u00e0 \u00e9valu\u00e9 ce niveau de stress pour vous et vos \u00e9quipes ? L&rsquo;\u00e9quipe de SportinFinance vous propose la r\u00e9daction de votre nouveau projet de soci\u00e9t\u00e9 afin de trouver un \u00e9quilibre entre vie personnelle et professionnelle pour vous et\/ou vos salari\u00e9s.<\/p>\n<p><a href=\"https:\/\/sportinfinance.com\/fr\/wp-content\/uploads\/2016\/08\/Abon-coach.png\"><img loading=\"lazy\" decoding=\"async\" class=\"aligncenter size-full wp-image-1658\" src=\"https:\/\/sportinfinance.com\/fr\/wp-content\/uploads\/2016\/08\/Abon-coach.png\" alt=\"\" width=\"960\" height=\"540\" srcset=\"https:\/\/sportinfinance.com\/fr\/wp-content\/uploads\/2016\/08\/Abon-coach.png 960w, https:\/\/sportinfinance.com\/fr\/wp-content\/uploads\/2016\/08\/Abon-coach-300x169.png 300w, https:\/\/sportinfinance.com\/fr\/wp-content\/uploads\/2016\/08\/Abon-coach-768x432.png 768w, https:\/\/sportinfinance.com\/fr\/wp-content\/uploads\/2016\/08\/Abon-coach-250x141.png 250w\" sizes=\"(max-width: 960px) 100vw, 960px\" \/><\/a><\/p>\n<p style=\"text-align: justify;\">Nous vous proposons un rendez-vous t\u00e9l\u00e9phonique gratuit afin de mieux nous connaitre. Nous vous expliquerons notre m\u00e9thode de travail. Venez et participer \u00e0 un atelier ! c&rsquo;est fun et ludique, c&rsquo;est le moment de trouver un bon \u00e9quilibre entre vie personnelle et professionnelle et d&rsquo;am\u00e9liorer votre performance.<\/p>\n<p style=\"text-align: justify;\">Vous aurez un accompagnement sur l&rsquo;ensemble de ses th\u00e9matiques uniquement sur votre soci\u00e9t\u00e9 !<\/p>\n<p style=\"text-align: justify;\"><a href=\"https:\/\/sportinfinance.com\/fr\/prendre-un-rdv\/\" target=\"_blank\" rel=\"noopener noreferrer\"><img loading=\"lazy\" decoding=\"async\" class=\"aligncenter\" src=\"http:\/\/nsm08.casimages.com\/img\/2016\/08\/28\/\/16082811255421893214457905.png\" alt=\"\" width=\"775\" height=\"672\"><\/a><\/p>\n<p style=\"text-align: justify;\">Un accompagnement sur votre pr\u00e9visionnel financier<\/p>\n<p style=\"text-align: justify;\"><a href=\"https:\/\/sportinfinance.com\/fr\/prendre-un-rdv\/\" target=\"_blank\" rel=\"noopener noreferrer\"><img loading=\"lazy\" decoding=\"async\" class=\"aligncenter\" src=\"http:\/\/nsm08.casimages.com\/img\/2016\/08\/28\/\/16082811255021893214457904.png\" alt=\"\" width=\"886\" height=\"420\"><\/a><br \/>\n<img loading=\"lazy\" decoding=\"async\" src=\"https:\/\/www.paypalobjects.com\/fr_FR\/i\/scr\/pixel.gif\" alt=\"\" width=\"1\" height=\"1\" border=\"0\"><a href=\"https:\/\/calendly.com\/sportinfinance\/rdv\" target=\"_blank\" rel=\"noopener noreferrer\"><img loading=\"lazy\" decoding=\"async\" class=\"aligncenter size-thumbnail wp-image-1289\" src=\"https:\/\/sportinfinance.com\/fr\/wp-content\/uploads\/2016\/08\/je-minscris-150x150.jpg\" alt=\"je minscris\" width=\"150\" height=\"150\" srcset=\"https:\/\/sportinfinance.com\/fr\/wp-content\/uploads\/2016\/08\/je-minscris-150x150.jpg 150w, https:\/\/sportinfinance.com\/fr\/wp-content\/uploads\/2016\/08\/je-minscris-100x100.jpg 100w\" sizes=\"(max-width: 150px) 100vw, 150px\" \/><\/a><\/p>\n","protected":false},"excerpt":{"rendered":"<p>Vous \u00eates artisan, commer\u00e7ant, chef d&rsquo;entreprise ou agriculteur, ressentez-vous du stress et de l&rsquo;anxi\u00e9t\u00e9 ? Avez-vous d\u00e9j\u00e0 \u00e9valu\u00e9 ce niveau de stress pour vous et vos \u00e9quipes ? L&rsquo;\u00e9quipe de&hellip; <\/p>\n","protected":false},"author":1,"featured_media":0,"parent":0,"menu_order":0,"comment_status":"closed","ping_status":"closed","template":"elementor_header_footer","meta":{"om_disable_all_campaigns":false,"_monsterinsights_skip_tracking":false,"_monsterinsights_sitenote_active":false,"_monsterinsights_sitenote_note":"","_monsterinsights_sitenote_category":0,"footnotes":""},"class_list":["post-1275","page","type-page","status-publish","hentry"],"aioseo_notices":[],"_links":{"self":[{"href":"https:\/\/sportinfinance.com\/fr\/wp-json\/wp\/v2\/pages\/1275"}],"collection":[{"href":"https:\/\/sportinfinance.com\/fr\/wp-json\/wp\/v2\/pages"}],"about":[{"href":"https:\/\/sportinfinance.com\/fr\/wp-json\/wp\/v2\/types\/page"}],"author":[{"embeddable":true,"href":"https:\/\/sportinfinance.com\/fr\/wp-json\/wp\/v2\/users\/1"}],"replies":[{"embeddable":true,"href":"https:\/\/sportinfinance.com\/fr\/wp-json\/wp\/v2\/comments?post=1275"}],"version-history":[{"count":25,"href":"https:\/\/sportinfinance.com\/fr\/wp-json\/wp\/v2\/pages\/1275\/revisions"}],"predecessor-version":[{"id":3744,"href":"https:\/\/sportinfinance.com\/fr\/wp-json\/wp\/v2\/pages\/1275\/revisions\/3744"}],"wp:attachment":[{"href":"https:\/\/sportinfinance.com\/fr\/wp-json\/wp\/v2\/media?parent=1275"}],"curies":[{"name":"wp","href":"https:\/\/api.w.org\/{rel}","templated":true}]}}